{"id":2602,"date":"2021-03-24T20:05:45","date_gmt":"2021-03-24T19:05:45","guid":{"rendered":"https:\/\/www.ekosystemes-vrac.com\/?post_type=product&#038;p=2602"},"modified":"2023-02-20T14:43:54","modified_gmt":"2023-02-20T13:43:54","slug":"bac-a-pelle-pribox-15-litres-2-pelles","status":"publish","type":"product","link":"https:\/\/www.ekos.symbioz-serveur2.com\/en\/product\/bac-a-pelle-pribox-15-litres-2-pelles\/","title":{"rendered":"Shovel bins Pribox 15,5L - 2 shovels"},"content":{"rendered":"<p>Complete <strong>Ecological<\/strong> solutions, the most <strong>innovative<\/strong> from the market, for retail sales. They combine flexibility and functionality without neglecting design. Sales increase of between 25 and 35%<\/p>\n<p>Merchandising solutions that boost your shelves and make them more attractive.<br \/>\n<strong>Reduces costs by eliminating product packaging<\/strong> et diminuent les co\u00fbts li\u00e9s au transport.<br \/>\n<strong>R\u00e9duisent les ressources \u00e9nerg\u00e9tiques n\u00e9cessaires \u00e0 la fabrication des emballages utilis\u00e9s.<\/strong><\/p>\n<p><img decoding=\"async\" loading=\"lazy\" class=\"alignnone wp-image-442\" src=\"https:\/\/www.ekosystemes-vrac.com\/wp-content\/uploads\/2020\/12\/100-recyclable-258x300.png\" alt=\"\" width=\"138\" height=\"160\" srcset=\"https:\/\/www.ekos.symbioz-serveur2.com\/wp-content\/uploads\/2020\/12\/100-recyclable-258x300.png 258w, https:\/\/www.ekos.symbioz-serveur2.com\/wp-content\/uploads\/2020\/12\/100-recyclable-510x592.png 510w, https:\/\/www.ekos.symbioz-serveur2.com\/wp-content\/uploads\/2020\/12\/100-recyclable-882x1024.png 882w, https:\/\/www.ekos.symbioz-serveur2.com\/wp-content\/uploads\/2020\/12\/100-recyclable-768x892.png 768w, https:\/\/www.ekos.symbioz-serveur2.com\/wp-content\/uploads\/2020\/12\/100-recyclable-1323x1536.png 1323w, https:\/\/www.ekos.symbioz-serveur2.com\/wp-content\/uploads\/2020\/12\/100-recyclable-600x697.png 600w, https:\/\/www.ekos.symbioz-serveur2.com\/wp-content\/uploads\/2020\/12\/100-recyclable.png 1354w\" sizes=\"(max-width: 138px) 100vw, 138px\" \/><img decoding=\"async\" loading=\"lazy\" class=\"alignnone wp-image-445\" src=\"https:\/\/www.ekosystemes-vrac.com\/wp-content\/uploads\/2020\/12\/BPA-FREE-300x300.png\" alt=\"\" width=\"160\" height=\"160\" srcset=\"https:\/\/www.ekos.symbioz-serveur2.com\/wp-content\/uploads\/2020\/12\/BPA-FREE-300x300.png 300w, https:\/\/www.ekos.symbioz-serveur2.com\/wp-content\/uploads\/2020\/12\/BPA-FREE-100x100.png 100w, https:\/\/www.ekos.symbioz-serveur2.com\/wp-content\/uploads\/2020\/12\/BPA-FREE-510x511.png 510w, https:\/\/www.ekos.symbioz-serveur2.com\/wp-content\/uploads\/2020\/12\/BPA-FREE-1022x1024.png 1022w, https:\/\/www.ekos.symbioz-serveur2.com\/wp-content\/uploads\/2020\/12\/BPA-FREE-150x150.png 150w, https:\/\/www.ekos.symbioz-serveur2.com\/wp-content\/uploads\/2020\/12\/BPA-FREE-768x769.png 768w, https:\/\/www.ekos.symbioz-serveur2.com\/wp-content\/uploads\/2020\/12\/BPA-FREE-600x601.png 600w, https:\/\/www.ekos.symbioz-serveur2.com\/wp-content\/uploads\/2020\/12\/BPA-FREE.png 1354w\" sizes=\"(max-width: 160px) 100vw, 160px\" \/><\/p>","protected":false},"excerpt":{"rendered":"<p>Constitu\u00e9 d&#8217;un bac principal, le bac \u00e0 pelle Pribox est compartimentable en 1&#215;15 litres, 2&#215;7,5 litres ou 3&#215;5 litres. Il b\u00e9n\u00e9ficie d&#8217;une grande porte avant \u00e0 fermeture automatique et herm\u00e9tique, et d&#8217;une porte arri\u00e8re pour le remplissage des aliments. Il est \u00e9galement muni d&#8217;un large porte-\u00e9tiquette.<br \/>\nCe bac \u00e0 pelle est livr\u00e9 non assembl\u00e9 avec une notice de montage. Il dispose d&#8217;un tiroir ramasse miettes et il est vendu avec 2 supports \u00e0 pelles. Ces 2 pelles sont comprises et vous pouvez choisir parmi 5 colories dans les options ci-dessous. Vous avez \u00e9galement le choix avec ou sans cordon t\u00e9lescopique.<br \/>\nThis shovel bin is made of Polycarbonate meeting food standards.<\/p>\n<div class=\"elementor-element elementor-element-75c00eeb elementor-widget elementor-widget-heading\" data-id=\"75c00eeb\" data-element_type=\"widget\" data-widget_type=\"heading.default\">\n<div class=\"elementor-widget-container\">\n<h3 class=\"elementor-heading-title elementor-size-default\">Technical specifications :<\/h3>\n<\/div>\n<\/div>\n<ul style=\"margin-left: 20px;\">\n<li><strong>Weight<\/strong> 1,55 kg<\/li>\n<li><strong>Dimensions (Width \/ Depth \/ Height):<\/strong> 297 x 394 x 196 mm<\/li>\n<li><strong>2x1 shovel support:<\/strong> 2 shovels included<\/li>\n<li><strong>Separator:<\/strong> Not included, available in the Accessories section<\/li>\n<li><strong>Attachment:<\/strong> None<\/li>\n<\/ul>","protected":false},"featured_media":1487,"comment_status":"open","ping_status":"closed","template":"","meta":[],"product_cat":[36],"product_tag":[50],"yoast_head":"<!-- This site is optimized with the Yoast SEO plugin v20.1 - https:\/\/yoast.com\/wordpress\/plugins\/seo\/ -->\n<title>Bac \u00e0 pelle Pribox 15,5L - 2 pelles - EkoSystemes VRAC<\/title>\n<meta name=\"robots\" content=\"noindex, follow, max-snippet:-1, max-image-preview:large, max-video-preview:-1\" \/>\n<meta property=\"og:locale\" content=\"en_GB\" \/>\n<meta property=\"og:type\" content=\"article\" \/>\n<meta property=\"og:title\" content=\"Bac \u00e0 pelle Pribox 15,5L - 2 pelles - EkoSystemes VRAC\" \/>\n<meta property=\"og:description\" content=\"Constitu\u00e9 d&#039;un bac principal, le bac \u00e0 pelle Pribox est compartimentable en 1x15 litres, 2x7,5 litres ou 3x5 litres. Il b\u00e9n\u00e9ficie d&#039;une grande porte avant \u00e0 fermeture automatique et herm\u00e9tique, et d&#039;une porte arri\u00e8re pour le remplissage des aliments. Il est \u00e9galement muni d&#039;un large porte-\u00e9tiquette. Ce bac \u00e0 pelle est livr\u00e9 non assembl\u00e9 avec une notice de montage. Il dispose d&#039;un tiroir ramasse miettes et il est vendu avec 2 supports \u00e0 pelles. Ces 2 pelles sont comprises et vous pouvez choisir parmi 5 colories dans les options ci-dessous. Vous avez \u00e9galement le choix avec ou sans cordon t\u00e9lescopique. Ce bac \u00e0 pelle est en Polycarbonate r\u00e9pondant aux normes alimentaires.   Caract\u00e9ristiques techniques :     Poids : 1,55 kg  Dimensions (Largeur \/ Profondeur \/ Hauteur) : 297 x 394 x 196 mm  Support 2x1 pelle : 2 pelles inclus  S\u00e9parateur\u00a0 : Non inclus, disponible dans la rubrique Accessoires  Fixation : Aucune\" \/>\n<meta property=\"og:url\" content=\"https:\/\/www.ekos.symbioz-serveur2.com\/en\/product\/bac-a-pelle-pribox-15-litres-2-pelles\/\" \/>\n<meta property=\"og:site_name\" content=\"EkoSystemes VRAC\" \/>\n<meta property=\"article:publisher\" content=\"https:\/\/www.facebook.com\/Eko-Syst%c3%a8mes-Vrac-101967825348325\" \/>\n<meta property=\"article:modified_time\" content=\"2023-02-20T13:43:54+00:00\" \/>\n<meta property=\"og:image\" content=\"https:\/\/www.ekos.symbioz-serveur2.com\/wp-content\/uploads\/2020\/10\/bac-a-pelle-large-15L-2pelles.png\" \/>\n\t<meta property=\"og:image:width\" content=\"1000\" \/>\n\t<meta property=\"og:image:height\" content=\"1000\" \/>\n\t<meta property=\"og:image:type\" content=\"image\/png\" \/>\n<meta name=\"twitter:card\" content=\"summary_large_image\" \/>\n<meta name=\"twitter:label1\" content=\"Est. reading time\" \/>\n\t<meta name=\"twitter:data1\" content=\"1 minute\" \/>\n<script type=\"application\/ld+json\" class=\"yoast-schema-graph\">{\"@context\":\"https:\/\/schema.org\",\"@graph\":[{\"@type\":\"WebPage\",\"@id\":\"https:\/\/www.ekos.symbioz-serveur2.com\/produit\/bac-a-pelle-pribox-15-litres-2-pelles\/\",\"url\":\"https:\/\/www.ekos.symbioz-serveur2.com\/produit\/bac-a-pelle-pribox-15-litres-2-pelles\/\",\"name\":\"Bac \u00e0 pelle Pribox 15,5L - 2 pelles - EkoSystemes VRAC\",\"isPartOf\":{\"@id\":\"https:\/\/www.ekos.symbioz-serveur2.com\/#website\"},\"datePublished\":\"2021-03-24T19:05:45+00:00\",\"dateModified\":\"2023-02-20T13:43:54+00:00\",\"breadcrumb\":{\"@id\":\"https:\/\/www.ekos.symbioz-serveur2.com\/produit\/bac-a-pelle-pribox-15-litres-2-pelles\/#breadcrumb\"},\"inLanguage\":\"en-GB\",\"potentialAction\":[{\"@type\":\"ReadAction\",\"target\":[\"https:\/\/www.ekos.symbioz-serveur2.com\/produit\/bac-a-pelle-pribox-15-litres-2-pelles\/\"]}]},{\"@type\":\"BreadcrumbList\",\"@id\":\"https:\/\/www.ekos.symbioz-serveur2.com\/produit\/bac-a-pelle-pribox-15-litres-2-pelles\/#breadcrumb\",\"itemListElement\":[{\"@type\":\"ListItem\",\"position\":1,\"name\":\"Accueil\",\"item\":\"https:\/\/www.ekos.symbioz-serveur2.com\/\"},{\"@type\":\"ListItem\",\"position\":2,\"name\":\"Boutique\",\"item\":\"https:\/\/www.ekos.symbioz-serveur2.com\/boutique-vrac\/\"},{\"@type\":\"ListItem\",\"position\":3,\"name\":\"Bac \u00e0 pelle Pribox 15,5L &#8211; 2 pelles\"}]},{\"@type\":\"WebSite\",\"@id\":\"https:\/\/www.ekos.symbioz-serveur2.com\/#website\",\"url\":\"https:\/\/www.ekos.symbioz-serveur2.com\/\",\"name\":\"EkoSystemes VRAC\",\"description\":\"\",\"potentialAction\":[{\"@type\":\"SearchAction\",\"target\":{\"@type\":\"EntryPoint\",\"urlTemplate\":\"https:\/\/www.ekos.symbioz-serveur2.com\/?s={search_term_string}\"},\"query-input\":\"required name=search_term_string\"}],\"inLanguage\":\"en-GB\"}]}<\/script>\n<!-- \/ Yoast SEO plugin. -->","yoast_head_json":{"title":"Bac \u00e0 pelle Pribox 15,5L - 2 pelles - EkoSystemes VRAC","robots":{"index":"noindex","follow":"follow","max-snippet":"max-snippet:-1","max-image-preview":"max-image-preview:large","max-video-preview":"max-video-preview:-1"},"og_locale":"en_GB","og_type":"article","og_title":"Bac \u00e0 pelle Pribox 15,5L - 2 pelles - EkoSystemes VRAC","og_description":"Constitu\u00e9 d'un bac principal, le bac \u00e0 pelle Pribox est compartimentable en 1x15 litres, 2x7,5 litres ou 3x5 litres. Il b\u00e9n\u00e9ficie d'une grande porte avant \u00e0 fermeture automatique et herm\u00e9tique, et d'une porte arri\u00e8re pour le remplissage des aliments. Il est \u00e9galement muni d'un large porte-\u00e9tiquette. Ce bac \u00e0 pelle est livr\u00e9 non assembl\u00e9 avec une notice de montage. Il dispose d'un tiroir ramasse miettes et il est vendu avec 2 supports \u00e0 pelles. Ces 2 pelles sont comprises et vous pouvez choisir parmi 5 colories dans les options ci-dessous. Vous avez \u00e9galement le choix avec ou sans cordon t\u00e9lescopique. Ce bac \u00e0 pelle est en Polycarbonate r\u00e9pondant aux normes alimentaires.   Caract\u00e9ristiques techniques :     Poids : 1,55 kg  Dimensions (Largeur \/ Profondeur \/ Hauteur) : 297 x 394 x 196 mm  Support 2x1 pelle : 2 pelles inclus  S\u00e9parateur\u00a0 : Non inclus, disponible dans la rubrique Accessoires  Fixation : Aucune","og_url":"https:\/\/www.ekos.symbioz-serveur2.com\/en\/product\/bac-a-pelle-pribox-15-litres-2-pelles\/","og_site_name":"EkoSystemes VRAC","article_publisher":"https:\/\/www.facebook.com\/Eko-Syst%c3%a8mes-Vrac-101967825348325","article_modified_time":"2023-02-20T13:43:54+00:00","og_image":[{"width":1000,"height":1000,"url":"https:\/\/www.ekos.symbioz-serveur2.com\/wp-content\/uploads\/2020\/10\/bac-a-pelle-large-15L-2pelles.png","type":"image\/png"}],"twitter_card":"summary_large_image","twitter_misc":{"Est. reading time":"1 minute"},"schema":{"@context":"https:\/\/schema.org","@graph":[{"@type":"WebPage","@id":"https:\/\/www.ekos.symbioz-serveur2.com\/produit\/bac-a-pelle-pribox-15-litres-2-pelles\/","url":"https:\/\/www.ekos.symbioz-serveur2.com\/produit\/bac-a-pelle-pribox-15-litres-2-pelles\/","name":"Bac \u00e0 pelle Pribox 15,5L - 2 pelles - EkoSystemes VRAC","isPartOf":{"@id":"https:\/\/www.ekos.symbioz-serveur2.com\/#website"},"datePublished":"2021-03-24T19:05:45+00:00","dateModified":"2023-02-20T13:43:54+00:00","breadcrumb":{"@id":"https:\/\/www.ekos.symbioz-serveur2.com\/produit\/bac-a-pelle-pribox-15-litres-2-pelles\/#breadcrumb"},"inLanguage":"en-GB","potentialAction":[{"@type":"ReadAction","target":["https:\/\/www.ekos.symbioz-serveur2.com\/produit\/bac-a-pelle-pribox-15-litres-2-pelles\/"]}]},{"@type":"BreadcrumbList","@id":"https:\/\/www.ekos.symbioz-serveur2.com\/produit\/bac-a-pelle-pribox-15-litres-2-pelles\/#breadcrumb","itemListElement":[{"@type":"ListItem","position":1,"name":"Accueil","item":"https:\/\/www.ekos.symbioz-serveur2.com\/"},{"@type":"ListItem","position":2,"name":"Boutique","item":"https:\/\/www.ekos.symbioz-serveur2.com\/boutique-vrac\/"},{"@type":"ListItem","position":3,"name":"Bac \u00e0 pelle Pribox 15,5L &#8211; 2 pelles"}]},{"@type":"WebSite","@id":"https:\/\/www.ekos.symbioz-serveur2.com\/#website","url":"https:\/\/www.ekos.symbioz-serveur2.com\/","name":"EkoSystemes VRAC","description":"","potentialAction":[{"@type":"SearchAction","target":{"@type":"EntryPoint","urlTemplate":"https:\/\/www.ekos.symbioz-serveur2.com\/?s={search_term_string}"},"query-input":"required name=search_term_string"}],"inLanguage":"en-GB"}]}},"_links":{"self":[{"href":"https:\/\/www.ekos.symbioz-serveur2.com\/en\/wp-json\/wp\/v2\/product\/2602"}],"collection":[{"href":"https:\/\/www.ekos.symbioz-serveur2.com\/en\/wp-json\/wp\/v2\/product"}],"about":[{"href":"https:\/\/www.ekos.symbioz-serveur2.com\/en\/wp-json\/wp\/v2\/types\/product"}],"replies":[{"embeddable":true,"href":"https:\/\/www.ekos.symbioz-serveur2.com\/en\/wp-json\/wp\/v2\/comments?post=2602"}],"version-history":[{"count":2,"href":"https:\/\/www.ekos.symbioz-serveur2.com\/en\/wp-json\/wp\/v2\/product\/2602\/revisions"}],"predecessor-version":[{"id":4585,"href":"https:\/\/www.ekos.symbioz-serveur2.com\/en\/wp-json\/wp\/v2\/product\/2602\/revisions\/4585"}],"wp:featuredmedia":[{"embeddable":true,"href":"https:\/\/www.ekos.symbioz-serveur2.com\/en\/wp-json\/wp\/v2\/media\/1487"}],"wp:attachment":[{"href":"https:\/\/www.ekos.symbioz-serveur2.com\/en\/wp-json\/wp\/v2\/media?parent=2602"}],"wp:term":[{"taxonomy":"product_cat","embeddable":true,"href":"https:\/\/www.ekos.symbioz-serveur2.com\/en\/wp-json\/wp\/v2\/product_cat?post=2602"},{"taxonomy":"product_tag","embeddable":true,"href":"https:\/\/www.ekos.symbioz-serveur2.com\/en\/wp-json\/wp\/v2\/product_tag?post=2602"}],"curies":[{"name":"wp","href":"https:\/\/api.w.org\/{rel}","templated":true}]}}