{"id":2479,"date":"2021-03-23T13:51:11","date_gmt":"2021-03-23T12:51:11","guid":{"rendered":"https:\/\/www.ekosystemes-vrac.com\/?post_type=product&#038;p=2479"},"modified":"2023-02-16T10:23:54","modified_gmt":"2023-02-16T09:23:54","slug":"distributeur-etroit-a-poignee-11-litres","status":"publish","type":"product","link":"https:\/\/www.ekos.symbioz-serveur2.com\/en\/product\/distributeur-etroit-a-poignee-11-litres\/","title":{"rendered":"Narrow handle dispenser 11L"},"content":{"rendered":"<p>\bDes solutions <strong>Ecological<\/strong> solutions, the most <strong>innovative<\/strong> from the market, for retail sales. They combine flexibility and functionality without neglecting design. Sales increase of between 25 and 35%<\/p>\n<p>Merchandising solutions that boost your shelves and make them more attractive. <strong>Reduces costs by eliminating product packaging<\/strong> and reduces costs linked to shipping. Reduces \nthe energy resources needed to manufacture the packaging used.<\/p>","protected":false},"excerpt":{"rendered":"<p>Heavy duty transparent gravity dispenser. It is hermetically sealed to protect the goods from external contact. This Genbox dispenser meets food standards without BPA and phthalates. It cuts costs by eliminating product packaging and lowers transportation costs.<\/p>\n<p><img decoding=\"async\" loading=\"lazy\" class=\"alignnone wp-image-2505\" style=\"color: #333333; font-size: 14.4px;\" src=\"https:\/\/www.ekosystemes-vrac.com\/wp-content\/uploads\/2020\/10\/icone-lave-vaisselle-1.png\" alt=\"\" width=\"40\" height=\"40\" srcset=\"https:\/\/www.ekos.symbioz-serveur2.com\/wp-content\/uploads\/2020\/10\/icone-lave-vaisselle-1.png 252w, https:\/\/www.ekos.symbioz-serveur2.com\/wp-content\/uploads\/2020\/10\/icone-lave-vaisselle-1-247x252.png 247w, https:\/\/www.ekos.symbioz-serveur2.com\/wp-content\/uploads\/2020\/10\/icone-lave-vaisselle-1-100x100.png 100w, https:\/\/www.ekos.symbioz-serveur2.com\/wp-content\/uploads\/2020\/10\/icone-lave-vaisselle-1-150x150.png 150w, https:\/\/www.ekos.symbioz-serveur2.com\/wp-content\/uploads\/2020\/10\/icone-lave-vaisselle-1-12x12.png 12w\" sizes=\"(max-width: 40px) 100vw, 40px\" \/> <span style=\"font-size: 90%; color: #ea5910;\">Machine washable<\/span><\/p>\n<p><img decoding=\"async\" loading=\"lazy\" class=\"alignnone wp-image-2502\" style=\"color: #333333; font-size: 14.4px;\" src=\"https:\/\/www.ekosystemes-vrac.com\/wp-content\/uploads\/2020\/10\/icones-contact-1.png\" alt=\"\" width=\"40\" height=\"40\" srcset=\"https:\/\/www.ekos.symbioz-serveur2.com\/wp-content\/uploads\/2020\/10\/icones-contact-1.png 252w, https:\/\/www.ekos.symbioz-serveur2.com\/wp-content\/uploads\/2020\/10\/icones-contact-1-247x252.png 247w, https:\/\/www.ekos.symbioz-serveur2.com\/wp-content\/uploads\/2020\/10\/icones-contact-1-100x100.png 100w, https:\/\/www.ekos.symbioz-serveur2.com\/wp-content\/uploads\/2020\/10\/icones-contact-1-150x150.png 150w, https:\/\/www.ekos.symbioz-serveur2.com\/wp-content\/uploads\/2020\/10\/icones-contact-1-12x12.png 12w\" sizes=\"(max-width: 40px) 100vw, 40px\" \/> <span style=\"font-size: 90%; color: #ea5910;\">Food contact<\/span><\/p>\n<p><img decoding=\"async\" loading=\"lazy\" class=\"alignnone wp-image-2504\" style=\"color: #333333; font-size: 14.4px;\" src=\"https:\/\/www.ekosystemes-vrac.com\/wp-content\/uploads\/2020\/10\/icones-secur-1.png\" alt=\"\" width=\"40\" height=\"40\" srcset=\"https:\/\/www.ekos.symbioz-serveur2.com\/wp-content\/uploads\/2020\/10\/icones-secur-1.png 252w, https:\/\/www.ekos.symbioz-serveur2.com\/wp-content\/uploads\/2020\/10\/icones-secur-1-247x252.png 247w, https:\/\/www.ekos.symbioz-serveur2.com\/wp-content\/uploads\/2020\/10\/icones-secur-1-100x100.png 100w, https:\/\/www.ekos.symbioz-serveur2.com\/wp-content\/uploads\/2020\/10\/icones-secur-1-150x150.png 150w, https:\/\/www.ekos.symbioz-serveur2.com\/wp-content\/uploads\/2020\/10\/icones-secur-1-12x12.png 12w\" sizes=\"(max-width: 40px) 100vw, 40px\" \/> <span style=\"font-size: 90%; color: #ea5910;\">Secure cover<\/span><\/p>\n<p><img decoding=\"async\" loading=\"lazy\" class=\"alignnone wp-image-2503\" style=\"color: #333333; font-size: 14.4px;\" src=\"https:\/\/www.ekosystemes-vrac.com\/wp-content\/uploads\/2020\/10\/icones-montage-1.png\" alt=\"\" width=\"40\" height=\"40\" srcset=\"https:\/\/www.ekos.symbioz-serveur2.com\/wp-content\/uploads\/2020\/10\/icones-montage-1.png 252w, https:\/\/www.ekos.symbioz-serveur2.com\/wp-content\/uploads\/2020\/10\/icones-montage-1-247x252.png 247w, https:\/\/www.ekos.symbioz-serveur2.com\/wp-content\/uploads\/2020\/10\/icones-montage-1-100x100.png 100w, https:\/\/www.ekos.symbioz-serveur2.com\/wp-content\/uploads\/2020\/10\/icones-montage-1-150x150.png 150w, https:\/\/www.ekos.symbioz-serveur2.com\/wp-content\/uploads\/2020\/10\/icones-montage-1-12x12.png 12w\" sizes=\"(max-width: 40px) 100vw, 40px\" \/> <span style=\"font-size: 90%; color: #ea5910;\">Tool-free assembly<\/span><\/p>\n<p>&nbsp;<\/p>\n<div class=\"elementor-element elementor-element-a74877e elementor-widget elementor-widget-heading\" data-id=\"a74877e\" data-element_type=\"widget\" data-widget_type=\"heading.default\">\n<div class=\"elementor-widget-container\">\n<h3 class=\"elementor-heading-title elementor-size-default\">Technical specifications :<\/h3>\n<\/div>\n<\/div>\n<ul style=\"margin-left: 20px;\">\n<li><strong>Weight<\/strong> 2,2 kg<\/li>\n<li><strong>Dimensions (Width \/ Depth \/ Height):<\/strong> 100 x 340 x 560 mm<\/li>\n<\/ul>","protected":false},"featured_media":2884,"comment_status":"open","ping_status":"closed","template":"","meta":[],"product_cat":[47],"product_tag":[48],"yoast_head":"<!-- This site is optimized with the Yoast SEO plugin v20.1 - https:\/\/yoast.com\/wordpress\/plugins\/seo\/ -->\n<title>Distributeur \u00e9troit \u00e0 poign\u00e9e 11L - EkoSystemes VRAC<\/title>\n<meta name=\"robots\" content=\"noindex, follow, max-snippet:-1, max-image-preview:large, max-video-preview:-1\" \/>\n<meta property=\"og:locale\" content=\"en_GB\" \/>\n<meta property=\"og:type\" content=\"article\" \/>\n<meta property=\"og:title\" content=\"Distributeur \u00e9troit \u00e0 poign\u00e9e 11L - EkoSystemes VRAC\" \/>\n<meta property=\"og:description\" content=\"Distributeur \u00e0 gravit\u00e9 transparent tr\u00e8s r\u00e9sistant. Il est herm\u00e9tiquement ferm\u00e9 pour prot\u00e9ger la marchandise et le contact externe. Ce distributeur Genbox r\u00e9pond aux normes alimentaires sans BPA et sans phtalates. Il r\u00e9duit les co\u00fbts en \u00e9liminant l&#039;emballage des produits et diminue les co\u00fbts li\u00e9s au transport.   Lavable en machine   Contact alimentaire   Couvercle s\u00e9curis\u00e9   Montage sans outils  &nbsp;   Caract\u00e9ristiques techniques :     Poids : 2,2 kg  Dimensions (Largeur \/ Profondeur \/ Hauteur) : 100 x 340 x 560 mm\" \/>\n<meta property=\"og:url\" content=\"https:\/\/www.ekos.symbioz-serveur2.com\/en\/product\/distributeur-etroit-a-poignee-11-litres\/\" \/>\n<meta property=\"og:site_name\" content=\"EkoSystemes VRAC\" \/>\n<meta property=\"article:publisher\" content=\"https:\/\/www.facebook.com\/Eko-Syst%c3%a8mes-Vrac-101967825348325\" \/>\n<meta property=\"article:modified_time\" content=\"2023-02-16T09:23:54+00:00\" \/>\n<meta property=\"og:image\" content=\"https:\/\/www.ekos.symbioz-serveur2.com\/wp-content\/uploads\/2021\/03\/distributeur-poignet-etroit-11.png\" \/>\n\t<meta property=\"og:image:width\" content=\"1000\" \/>\n\t<meta property=\"og:image:height\" content=\"1000\" \/>\n\t<meta property=\"og:image:type\" content=\"image\/png\" \/>\n<meta name=\"twitter:card\" content=\"summary_large_image\" \/>\n<meta name=\"twitter:label1\" content=\"Est. reading time\" \/>\n\t<meta name=\"twitter:data1\" content=\"1 minute\" \/>\n<script type=\"application\/ld+json\" class=\"yoast-schema-graph\">{\"@context\":\"https:\/\/schema.org\",\"@graph\":[{\"@type\":\"WebPage\",\"@id\":\"https:\/\/www.ekos.symbioz-serveur2.com\/produit\/distributeur-etroit-a-poignee-11-litres\/\",\"url\":\"https:\/\/www.ekos.symbioz-serveur2.com\/produit\/distributeur-etroit-a-poignee-11-litres\/\",\"name\":\"Distributeur \u00e9troit \u00e0 poign\u00e9e 11L - EkoSystemes VRAC\",\"isPartOf\":{\"@id\":\"https:\/\/www.ekos.symbioz-serveur2.com\/#website\"},\"datePublished\":\"2021-03-23T12:51:11+00:00\",\"dateModified\":\"2023-02-16T09:23:54+00:00\",\"breadcrumb\":{\"@id\":\"https:\/\/www.ekos.symbioz-serveur2.com\/produit\/distributeur-etroit-a-poignee-11-litres\/#breadcrumb\"},\"inLanguage\":\"en-GB\",\"potentialAction\":[{\"@type\":\"ReadAction\",\"target\":[\"https:\/\/www.ekos.symbioz-serveur2.com\/produit\/distributeur-etroit-a-poignee-11-litres\/\"]}]},{\"@type\":\"BreadcrumbList\",\"@id\":\"https:\/\/www.ekos.symbioz-serveur2.com\/produit\/distributeur-etroit-a-poignee-11-litres\/#breadcrumb\",\"itemListElement\":[{\"@type\":\"ListItem\",\"position\":1,\"name\":\"Accueil\",\"item\":\"https:\/\/www.ekos.symbioz-serveur2.com\/\"},{\"@type\":\"ListItem\",\"position\":2,\"name\":\"Boutique\",\"item\":\"https:\/\/www.ekos.symbioz-serveur2.com\/boutique-vrac\/\"},{\"@type\":\"ListItem\",\"position\":3,\"name\":\"Distributeur \u00e9troit \u00e0 poign\u00e9e 11L\"}]},{\"@type\":\"WebSite\",\"@id\":\"https:\/\/www.ekos.symbioz-serveur2.com\/#website\",\"url\":\"https:\/\/www.ekos.symbioz-serveur2.com\/\",\"name\":\"EkoSystemes VRAC\",\"description\":\"\",\"potentialAction\":[{\"@type\":\"SearchAction\",\"target\":{\"@type\":\"EntryPoint\",\"urlTemplate\":\"https:\/\/www.ekos.symbioz-serveur2.com\/?s={search_term_string}\"},\"query-input\":\"required name=search_term_string\"}],\"inLanguage\":\"en-GB\"}]}<\/script>\n<!-- \/ Yoast SEO plugin. -->","yoast_head_json":{"title":"Distributeur \u00e9troit \u00e0 poign\u00e9e 11L - EkoSystemes VRAC","robots":{"index":"noindex","follow":"follow","max-snippet":"max-snippet:-1","max-image-preview":"max-image-preview:large","max-video-preview":"max-video-preview:-1"},"og_locale":"en_GB","og_type":"article","og_title":"Distributeur \u00e9troit \u00e0 poign\u00e9e 11L - EkoSystemes VRAC","og_description":"Distributeur \u00e0 gravit\u00e9 transparent tr\u00e8s r\u00e9sistant. Il est herm\u00e9tiquement ferm\u00e9 pour prot\u00e9ger la marchandise et le contact externe. Ce distributeur Genbox r\u00e9pond aux normes alimentaires sans BPA et sans phtalates. Il r\u00e9duit les co\u00fbts en \u00e9liminant l'emballage des produits et diminue les co\u00fbts li\u00e9s au transport.   Lavable en machine   Contact alimentaire   Couvercle s\u00e9curis\u00e9   Montage sans outils  &nbsp;   Caract\u00e9ristiques techniques :     Poids : 2,2 kg  Dimensions (Largeur \/ Profondeur \/ Hauteur) : 100 x 340 x 560 mm","og_url":"https:\/\/www.ekos.symbioz-serveur2.com\/en\/product\/distributeur-etroit-a-poignee-11-litres\/","og_site_name":"EkoSystemes VRAC","article_publisher":"https:\/\/www.facebook.com\/Eko-Syst%c3%a8mes-Vrac-101967825348325","article_modified_time":"2023-02-16T09:23:54+00:00","og_image":[{"width":1000,"height":1000,"url":"https:\/\/www.ekos.symbioz-serveur2.com\/wp-content\/uploads\/2021\/03\/distributeur-poignet-etroit-11.png","type":"image\/png"}],"twitter_card":"summary_large_image","twitter_misc":{"Est. reading time":"1 minute"},"schema":{"@context":"https:\/\/schema.org","@graph":[{"@type":"WebPage","@id":"https:\/\/www.ekos.symbioz-serveur2.com\/produit\/distributeur-etroit-a-poignee-11-litres\/","url":"https:\/\/www.ekos.symbioz-serveur2.com\/produit\/distributeur-etroit-a-poignee-11-litres\/","name":"Distributeur \u00e9troit \u00e0 poign\u00e9e 11L - EkoSystemes VRAC","isPartOf":{"@id":"https:\/\/www.ekos.symbioz-serveur2.com\/#website"},"datePublished":"2021-03-23T12:51:11+00:00","dateModified":"2023-02-16T09:23:54+00:00","breadcrumb":{"@id":"https:\/\/www.ekos.symbioz-serveur2.com\/produit\/distributeur-etroit-a-poignee-11-litres\/#breadcrumb"},"inLanguage":"en-GB","potentialAction":[{"@type":"ReadAction","target":["https:\/\/www.ekos.symbioz-serveur2.com\/produit\/distributeur-etroit-a-poignee-11-litres\/"]}]},{"@type":"BreadcrumbList","@id":"https:\/\/www.ekos.symbioz-serveur2.com\/produit\/distributeur-etroit-a-poignee-11-litres\/#breadcrumb","itemListElement":[{"@type":"ListItem","position":1,"name":"Accueil","item":"https:\/\/www.ekos.symbioz-serveur2.com\/"},{"@type":"ListItem","position":2,"name":"Boutique","item":"https:\/\/www.ekos.symbioz-serveur2.com\/boutique-vrac\/"},{"@type":"ListItem","position":3,"name":"Distributeur \u00e9troit \u00e0 poign\u00e9e 11L"}]},{"@type":"WebSite","@id":"https:\/\/www.ekos.symbioz-serveur2.com\/#website","url":"https:\/\/www.ekos.symbioz-serveur2.com\/","name":"EkoSystemes VRAC","description":"","potentialAction":[{"@type":"SearchAction","target":{"@type":"EntryPoint","urlTemplate":"https:\/\/www.ekos.symbioz-serveur2.com\/?s={search_term_string}"},"query-input":"required name=search_term_string"}],"inLanguage":"en-GB"}]}},"_links":{"self":[{"href":"https:\/\/www.ekos.symbioz-serveur2.com\/en\/wp-json\/wp\/v2\/product\/2479"}],"collection":[{"href":"https:\/\/www.ekos.symbioz-serveur2.com\/en\/wp-json\/wp\/v2\/product"}],"about":[{"href":"https:\/\/www.ekos.symbioz-serveur2.com\/en\/wp-json\/wp\/v2\/types\/product"}],"replies":[{"embeddable":true,"href":"https:\/\/www.ekos.symbioz-serveur2.com\/en\/wp-json\/wp\/v2\/comments?post=2479"}],"version-history":[{"count":1,"href":"https:\/\/www.ekos.symbioz-serveur2.com\/en\/wp-json\/wp\/v2\/product\/2479\/revisions"}],"predecessor-version":[{"id":3693,"href":"https:\/\/www.ekos.symbioz-serveur2.com\/en\/wp-json\/wp\/v2\/product\/2479\/revisions\/3693"}],"wp:featuredmedia":[{"embeddable":true,"href":"https:\/\/www.ekos.symbioz-serveur2.com\/en\/wp-json\/wp\/v2\/media\/2884"}],"wp:attachment":[{"href":"https:\/\/www.ekos.symbioz-serveur2.com\/en\/wp-json\/wp\/v2\/media?parent=2479"}],"wp:term":[{"taxonomy":"product_cat","embeddable":true,"href":"https:\/\/www.ekos.symbioz-serveur2.com\/en\/wp-json\/wp\/v2\/product_cat?post=2479"},{"taxonomy":"product_tag","embeddable":true,"href":"https:\/\/www.ekos.symbioz-serveur2.com\/en\/wp-json\/wp\/v2\/product_tag?post=2479"}],"curies":[{"name":"wp","href":"https:\/\/api.w.org\/{rel}","templated":true}]}}