{"id":2468,"date":"2021-03-23T13:33:19","date_gmt":"2021-03-23T12:33:19","guid":{"rendered":"https:\/\/www.ekosystemes-vrac.com\/?post_type=product&#038;p=2468"},"modified":"2023-02-16T10:24:00","modified_gmt":"2023-02-16T09:24:00","slug":"distributeur-large-a-robinet-4-5-litres","status":"publish","type":"product","link":"https:\/\/www.ekos.symbioz-serveur2.com\/en\/product\/distributeur-large-a-robinet-4-5-litres\/","title":{"rendered":"Large tap dispenser 6,5L"},"content":{"rendered":"<p>D&#8217;une capacit\u00e9 de 4,5 6,5 et 10 litres, les distributeurs Turnoflex disposent d&#8217;une molette gradu\u00e9e permettant de contr\u00f4ler les quantit\u00e9s. Ils se fixent sur r\u00e2teliers ou sur sabots.<\/p>\n<p>[row ]<\/p>\n<p>[col span=&#8221;1\/6&#8243; ]<br \/>\n<img decoding=\"async\" loading=\"lazy\" class=\"alignnone wp-image-2595\" src=\"https:\/\/www.ekosystemes-vrac.com\/wp-content\/uploads\/2020\/10\/turnoflex-distributeur-zoom1-300x300.jpg\" alt=\"\" width=\"170\" height=\"170\" srcset=\"https:\/\/www.ekos.symbioz-serveur2.com\/wp-content\/uploads\/2020\/10\/turnoflex-distributeur-zoom1-300x300.jpg 300w, https:\/\/www.ekos.symbioz-serveur2.com\/wp-content\/uploads\/2020\/10\/turnoflex-distributeur-zoom1-100x100.jpg 100w, https:\/\/www.ekos.symbioz-serveur2.com\/wp-content\/uploads\/2020\/10\/turnoflex-distributeur-zoom1-150x150.jpg 150w, https:\/\/www.ekos.symbioz-serveur2.com\/wp-content\/uploads\/2020\/10\/turnoflex-distributeur-zoom1-12x12.jpg 12w, https:\/\/www.ekos.symbioz-serveur2.com\/wp-content\/uploads\/2020\/10\/turnoflex-distributeur-zoom1.jpg 500w\" sizes=\"(max-width: 170px) 100vw, 170px\" \/><\/p>\n<p>[\/col]<br \/>\n[col span=&#8221;5\/6&#8243; ]<br \/>\n<strong>A responsible solution<\/strong><\/p>\n<p>Gr\u00e2ce \u00e0 son m\u00e9canisme de distribution \u00e0 cadran rotatif et robuste il \u00e9vite les gaspillages, facilite l&#8217;\u00e9coulement des produits et fournit aux clients des portions mesur\u00e9es. 0,4 dl de produit d\u00e9livr\u00e9 par tour de mollette.<\/p>\n<p>[\/col]<\/p>\n<p>[\/row]<\/p>\n<p>[row ]<\/p>\n<p>[col span=&#8221;1\/6&#8243; ]<br \/>\n<img decoding=\"async\" loading=\"lazy\" class=\"alignnone wp-image-2596\" src=\"https:\/\/www.ekosystemes-vrac.com\/wp-content\/uploads\/2020\/10\/turnoflex-distributeur-zoom2-300x300.jpg\" alt=\"\" width=\"170\" height=\"170\" srcset=\"https:\/\/www.ekos.symbioz-serveur2.com\/wp-content\/uploads\/2020\/10\/turnoflex-distributeur-zoom2-300x300.jpg 300w, https:\/\/www.ekos.symbioz-serveur2.com\/wp-content\/uploads\/2020\/10\/turnoflex-distributeur-zoom2-100x100.jpg 100w, https:\/\/www.ekos.symbioz-serveur2.com\/wp-content\/uploads\/2020\/10\/turnoflex-distributeur-zoom2-150x150.jpg 150w, https:\/\/www.ekos.symbioz-serveur2.com\/wp-content\/uploads\/2020\/10\/turnoflex-distributeur-zoom2-12x12.jpg 12w, https:\/\/www.ekos.symbioz-serveur2.com\/wp-content\/uploads\/2020\/10\/turnoflex-distributeur-zoom2.jpg 500w\" sizes=\"(max-width: 170px) 100vw, 170px\" \/><\/p>\n<p>[\/col]<\/p>\n<p style=\"text-align: left;\">[col span=&#8221;5\/6&#8243; ]<br \/>\n<strong>Ease of recharging<\/strong><\/p>\n<p style=\"text-align: left;\">To simplify the refilling of the dispensers, the cover serves as a support for the Turnoflex dispenser.<\/p>\n<p style=\"text-align: left;\">[\/col]<\/p>\n<p>[\/row]<\/p>","protected":false},"excerpt":{"rendered":"<p>Gravity distributor <strong>,transparent and very resistant<\/strong>. It is <strong>hermetically sealed<\/strong> to protect the goods and external contact. This Turnoflex dispenser meets the <strong>food standards<\/strong> BPA and phthalate free. It reduces costs by <strong>eliminating product packaging<\/strong> and reduces transport costs.<\/p>\n<p>Il dispose d&#8217;une molette de distribution (10cl\/compartiment) et se fixe \u00e0 l&#8217;aide d&#8217;un sabot ou d&#8217;un r\u00e2telier (vendu uniquement sur demande). Il est enti\u00e8rement d\u00e9montable et lavable au lave vaisselle (50\u00b0C).<\/p>\n<p>[row ]<\/p>\n<p>[col span=&#8221;1\/2&#8243; ]<br \/>\n<img decoding=\"async\" loading=\"lazy\" class=\"alignnone wp-image-2505\" style=\"color: #333333; font-size: 14.4px;\" src=\"https:\/\/www.ekosystemes-vrac.com\/wp-content\/uploads\/2020\/10\/icone-lave-vaisselle-1.png\" alt=\"\" width=\"40\" height=\"40\" srcset=\"https:\/\/www.ekos.symbioz-serveur2.com\/wp-content\/uploads\/2020\/10\/icone-lave-vaisselle-1.png 252w, https:\/\/www.ekos.symbioz-serveur2.com\/wp-content\/uploads\/2020\/10\/icone-lave-vaisselle-1-247x252.png 247w, https:\/\/www.ekos.symbioz-serveur2.com\/wp-content\/uploads\/2020\/10\/icone-lave-vaisselle-1-100x100.png 100w, https:\/\/www.ekos.symbioz-serveur2.com\/wp-content\/uploads\/2020\/10\/icone-lave-vaisselle-1-150x150.png 150w, https:\/\/www.ekos.symbioz-serveur2.com\/wp-content\/uploads\/2020\/10\/icone-lave-vaisselle-1-12x12.png 12w\" sizes=\"(max-width: 40px) 100vw, 40px\" \/> <span style=\"font-size: 90%; color: #ea5910;\">Machine washable<\/span><\/p>\n<p>[\/col]<br \/>\n[col span=&#8221;1\/2&#8243; ]<br \/>\n<img decoding=\"async\" loading=\"lazy\" class=\"alignnone wp-image-2502\" style=\"color: #333333; font-size: 14.4px;\" src=\"https:\/\/www.ekosystemes-vrac.com\/wp-content\/uploads\/2020\/10\/icones-contact-1.png\" alt=\"\" width=\"40\" height=\"40\" srcset=\"https:\/\/www.ekos.symbioz-serveur2.com\/wp-content\/uploads\/2020\/10\/icones-contact-1.png 252w, https:\/\/www.ekos.symbioz-serveur2.com\/wp-content\/uploads\/2020\/10\/icones-contact-1-247x252.png 247w, https:\/\/www.ekos.symbioz-serveur2.com\/wp-content\/uploads\/2020\/10\/icones-contact-1-100x100.png 100w, https:\/\/www.ekos.symbioz-serveur2.com\/wp-content\/uploads\/2020\/10\/icones-contact-1-150x150.png 150w, https:\/\/www.ekos.symbioz-serveur2.com\/wp-content\/uploads\/2020\/10\/icones-contact-1-12x12.png 12w\" sizes=\"(max-width: 40px) 100vw, 40px\" \/> <span style=\"font-size: 90%; color: #ea5910;\">Food contact<\/span><\/p>\n<p>[\/col]<br \/>\n[\/row]<br \/>\n[row]<\/p>\n<p>[col span=&#8221;1\/2&#8243; ]<br \/>\n<img decoding=\"async\" loading=\"lazy\" class=\"alignnone wp-image-2503\" style=\"color: #333333; font-size: 14.4px;\" src=\"https:\/\/www.ekosystemes-vrac.com\/wp-content\/uploads\/2020\/10\/icones-montage-1.png\" alt=\"\" width=\"40\" height=\"40\" srcset=\"https:\/\/www.ekos.symbioz-serveur2.com\/wp-content\/uploads\/2020\/10\/icones-montage-1.png 252w, https:\/\/www.ekos.symbioz-serveur2.com\/wp-content\/uploads\/2020\/10\/icones-montage-1-247x252.png 247w, https:\/\/www.ekos.symbioz-serveur2.com\/wp-content\/uploads\/2020\/10\/icones-montage-1-100x100.png 100w, https:\/\/www.ekos.symbioz-serveur2.com\/wp-content\/uploads\/2020\/10\/icones-montage-1-150x150.png 150w, https:\/\/www.ekos.symbioz-serveur2.com\/wp-content\/uploads\/2020\/10\/icones-montage-1-12x12.png 12w\" sizes=\"(max-width: 40px) 100vw, 40px\" \/> <span style=\"font-size: 90%; color: #ea5910;\">Tool-free assembly<\/span><\/p>\n<p>[\/col]<\/p>\n<p>[\/row]<\/p>\n<div class=\"elementor-element elementor-element-a74877e elementor-widget elementor-widget-heading\" data-id=\"a74877e\" data-element_type=\"widget\" data-widget_type=\"heading.default\">\n<div class=\"elementor-widget-container\">\n<h3 class=\"elementor-heading-title elementor-size-default\">Technical specifications :<\/h3>\n<\/div>\n<\/div>\n<ul style=\"margin-left: 20px;\">\n<li><strong>Weight<\/strong> 0,85 kg<\/li>\n<li><strong>Dimensions (Width \/ Depth \/ Height):<\/strong> 145 x 250 x 390 mm<\/li>\n<\/ul>","protected":false},"featured_media":1376,"comment_status":"open","ping_status":"closed","template":"","meta":[],"product_cat":[46],"product_tag":[49],"yoast_head":"<!-- This site is optimized with the Yoast SEO plugin v20.1 - https:\/\/yoast.com\/wordpress\/plugins\/seo\/ -->\n<title>Distributeur large \u00e0 robinet 6,5L - EkoSystemes VRAC<\/title>\n<meta name=\"robots\" content=\"noindex, follow, max-snippet:-1, max-image-preview:large, max-video-preview:-1\" \/>\n<meta property=\"og:locale\" content=\"en_GB\" \/>\n<meta property=\"og:type\" content=\"article\" \/>\n<meta property=\"og:title\" content=\"Distributeur large \u00e0 robinet 6,5L - EkoSystemes VRAC\" \/>\n<meta property=\"og:description\" content=\"Distributeur \u00e0 gravit\u00e9 transparent tr\u00e8s r\u00e9sistant. Il est herm\u00e9tiquement ferm\u00e9 pour prot\u00e9ger la marchandise et le contact externe. Ce distributeur Turnoflex r\u00e9pond aux normes alimentaires sans BPA et sans phtalates. Il r\u00e9duit les co\u00fbts en \u00e9liminant l&#039;emballage des produits et diminue les co\u00fbts li\u00e9s au transport.  Il dispose d&#039;une molette de distribution (10cl\/compartiment) et se fixe \u00e0 l&#039;aide d&#039;un sabot ou d&#039;un r\u00e2telier (vendu uniquement sur demande). Il est enti\u00e8rement d\u00e9montable et lavable au lave vaisselle (50\u00b0C).  [row ]  [col span=&quot;1\/2&quot; ]  Lavable en machine  [\/col] [col span=&quot;1\/2&quot; ]  Contact alimentaire  [\/col] [\/row] [row]  [col span=&quot;1\/2&quot; ]  Montage sans outils  [\/col]  [\/row]   Caract\u00e9ristiques techniques :     Poids : 0,85 kg  Dimensions (Largeur \/ Profondeur \/ Hauteur) : 145 x 250 x 390 mm\" \/>\n<meta property=\"og:url\" content=\"https:\/\/www.ekos.symbioz-serveur2.com\/en\/product\/distributeur-large-a-robinet-4-5-litres\/\" \/>\n<meta property=\"og:site_name\" content=\"EkoSystemes VRAC\" \/>\n<meta property=\"article:publisher\" content=\"https:\/\/www.facebook.com\/Eko-Syst%c3%a8mes-Vrac-101967825348325\" \/>\n<meta property=\"article:modified_time\" content=\"2023-02-16T09:24:00+00:00\" \/>\n<meta property=\"og:image\" content=\"https:\/\/www.ekos.symbioz-serveur2.com\/wp-content\/uploads\/2020\/10\/distributeur-moulin-10L.png\" \/>\n\t<meta property=\"og:image:width\" content=\"1000\" \/>\n\t<meta property=\"og:image:height\" content=\"1000\" \/>\n\t<meta property=\"og:image:type\" content=\"image\/png\" \/>\n<meta name=\"twitter:card\" content=\"summary_large_image\" \/>\n<meta name=\"twitter:label1\" content=\"Est. reading time\" \/>\n\t<meta name=\"twitter:data1\" content=\"1 minute\" \/>\n<script type=\"application\/ld+json\" class=\"yoast-schema-graph\">{\"@context\":\"https:\/\/schema.org\",\"@graph\":[{\"@type\":\"WebPage\",\"@id\":\"https:\/\/www.ekos.symbioz-serveur2.com\/produit\/distributeur-large-a-robinet-4-5-litres\/\",\"url\":\"https:\/\/www.ekos.symbioz-serveur2.com\/produit\/distributeur-large-a-robinet-4-5-litres\/\",\"name\":\"Distributeur large \u00e0 robinet 6,5L - EkoSystemes VRAC\",\"isPartOf\":{\"@id\":\"https:\/\/www.ekos.symbioz-serveur2.com\/#website\"},\"datePublished\":\"2021-03-23T12:33:19+00:00\",\"dateModified\":\"2023-02-16T09:24:00+00:00\",\"breadcrumb\":{\"@id\":\"https:\/\/www.ekos.symbioz-serveur2.com\/produit\/distributeur-large-a-robinet-4-5-litres\/#breadcrumb\"},\"inLanguage\":\"en-GB\",\"potentialAction\":[{\"@type\":\"ReadAction\",\"target\":[\"https:\/\/www.ekos.symbioz-serveur2.com\/produit\/distributeur-large-a-robinet-4-5-litres\/\"]}]},{\"@type\":\"BreadcrumbList\",\"@id\":\"https:\/\/www.ekos.symbioz-serveur2.com\/produit\/distributeur-large-a-robinet-4-5-litres\/#breadcrumb\",\"itemListElement\":[{\"@type\":\"ListItem\",\"position\":1,\"name\":\"Accueil\",\"item\":\"https:\/\/www.ekos.symbioz-serveur2.com\/\"},{\"@type\":\"ListItem\",\"position\":2,\"name\":\"Boutique\",\"item\":\"https:\/\/www.ekos.symbioz-serveur2.com\/boutique-vrac\/\"},{\"@type\":\"ListItem\",\"position\":3,\"name\":\"Distributeur large \u00e0 robinet 6,5L\"}]},{\"@type\":\"WebSite\",\"@id\":\"https:\/\/www.ekos.symbioz-serveur2.com\/#website\",\"url\":\"https:\/\/www.ekos.symbioz-serveur2.com\/\",\"name\":\"EkoSystemes VRAC\",\"description\":\"\",\"potentialAction\":[{\"@type\":\"SearchAction\",\"target\":{\"@type\":\"EntryPoint\",\"urlTemplate\":\"https:\/\/www.ekos.symbioz-serveur2.com\/?s={search_term_string}\"},\"query-input\":\"required name=search_term_string\"}],\"inLanguage\":\"en-GB\"}]}<\/script>\n<!-- \/ Yoast SEO plugin. -->","yoast_head_json":{"title":"Distributeur large \u00e0 robinet 6,5L - EkoSystemes VRAC","robots":{"index":"noindex","follow":"follow","max-snippet":"max-snippet:-1","max-image-preview":"max-image-preview:large","max-video-preview":"max-video-preview:-1"},"og_locale":"en_GB","og_type":"article","og_title":"Distributeur large \u00e0 robinet 6,5L - EkoSystemes VRAC","og_description":"Distributeur \u00e0 gravit\u00e9 transparent tr\u00e8s r\u00e9sistant. Il est herm\u00e9tiquement ferm\u00e9 pour prot\u00e9ger la marchandise et le contact externe. Ce distributeur Turnoflex r\u00e9pond aux normes alimentaires sans BPA et sans phtalates. Il r\u00e9duit les co\u00fbts en \u00e9liminant l'emballage des produits et diminue les co\u00fbts li\u00e9s au transport.  Il dispose d'une molette de distribution (10cl\/compartiment) et se fixe \u00e0 l'aide d'un sabot ou d'un r\u00e2telier (vendu uniquement sur demande). Il est enti\u00e8rement d\u00e9montable et lavable au lave vaisselle (50\u00b0C).  [row ]  [col span=\"1\/2\" ]  Lavable en machine  [\/col] [col span=\"1\/2\" ]  Contact alimentaire  [\/col] [\/row] [row]  [col span=\"1\/2\" ]  Montage sans outils  [\/col]  [\/row]   Caract\u00e9ristiques techniques :     Poids : 0,85 kg  Dimensions (Largeur \/ Profondeur \/ Hauteur) : 145 x 250 x 390 mm","og_url":"https:\/\/www.ekos.symbioz-serveur2.com\/en\/product\/distributeur-large-a-robinet-4-5-litres\/","og_site_name":"EkoSystemes VRAC","article_publisher":"https:\/\/www.facebook.com\/Eko-Syst%c3%a8mes-Vrac-101967825348325","article_modified_time":"2023-02-16T09:24:00+00:00","og_image":[{"width":1000,"height":1000,"url":"https:\/\/www.ekos.symbioz-serveur2.com\/wp-content\/uploads\/2020\/10\/distributeur-moulin-10L.png","type":"image\/png"}],"twitter_card":"summary_large_image","twitter_misc":{"Est. reading time":"1 minute"},"schema":{"@context":"https:\/\/schema.org","@graph":[{"@type":"WebPage","@id":"https:\/\/www.ekos.symbioz-serveur2.com\/produit\/distributeur-large-a-robinet-4-5-litres\/","url":"https:\/\/www.ekos.symbioz-serveur2.com\/produit\/distributeur-large-a-robinet-4-5-litres\/","name":"Distributeur large \u00e0 robinet 6,5L - EkoSystemes VRAC","isPartOf":{"@id":"https:\/\/www.ekos.symbioz-serveur2.com\/#website"},"datePublished":"2021-03-23T12:33:19+00:00","dateModified":"2023-02-16T09:24:00+00:00","breadcrumb":{"@id":"https:\/\/www.ekos.symbioz-serveur2.com\/produit\/distributeur-large-a-robinet-4-5-litres\/#breadcrumb"},"inLanguage":"en-GB","potentialAction":[{"@type":"ReadAction","target":["https:\/\/www.ekos.symbioz-serveur2.com\/produit\/distributeur-large-a-robinet-4-5-litres\/"]}]},{"@type":"BreadcrumbList","@id":"https:\/\/www.ekos.symbioz-serveur2.com\/produit\/distributeur-large-a-robinet-4-5-litres\/#breadcrumb","itemListElement":[{"@type":"ListItem","position":1,"name":"Accueil","item":"https:\/\/www.ekos.symbioz-serveur2.com\/"},{"@type":"ListItem","position":2,"name":"Boutique","item":"https:\/\/www.ekos.symbioz-serveur2.com\/boutique-vrac\/"},{"@type":"ListItem","position":3,"name":"Distributeur large \u00e0 robinet 6,5L"}]},{"@type":"WebSite","@id":"https:\/\/www.ekos.symbioz-serveur2.com\/#website","url":"https:\/\/www.ekos.symbioz-serveur2.com\/","name":"EkoSystemes VRAC","description":"","potentialAction":[{"@type":"SearchAction","target":{"@type":"EntryPoint","urlTemplate":"https:\/\/www.ekos.symbioz-serveur2.com\/?s={search_term_string}"},"query-input":"required name=search_term_string"}],"inLanguage":"en-GB"}]}},"_links":{"self":[{"href":"https:\/\/www.ekos.symbioz-serveur2.com\/en\/wp-json\/wp\/v2\/product\/2468"}],"collection":[{"href":"https:\/\/www.ekos.symbioz-serveur2.com\/en\/wp-json\/wp\/v2\/product"}],"about":[{"href":"https:\/\/www.ekos.symbioz-serveur2.com\/en\/wp-json\/wp\/v2\/types\/product"}],"replies":[{"embeddable":true,"href":"https:\/\/www.ekos.symbioz-serveur2.com\/en\/wp-json\/wp\/v2\/comments?post=2468"}],"version-history":[{"count":1,"href":"https:\/\/www.ekos.symbioz-serveur2.com\/en\/wp-json\/wp\/v2\/product\/2468\/revisions"}],"predecessor-version":[{"id":2477,"href":"https:\/\/www.ekos.symbioz-serveur2.com\/en\/wp-json\/wp\/v2\/product\/2468\/revisions\/2477"}],"wp:featuredmedia":[{"embeddable":true,"href":"https:\/\/www.ekos.symbioz-serveur2.com\/en\/wp-json\/wp\/v2\/media\/1376"}],"wp:attachment":[{"href":"https:\/\/www.ekos.symbioz-serveur2.com\/en\/wp-json\/wp\/v2\/media?parent=2468"}],"wp:term":[{"taxonomy":"product_cat","embeddable":true,"href":"https:\/\/www.ekos.symbioz-serveur2.com\/en\/wp-json\/wp\/v2\/product_cat?post=2468"},{"taxonomy":"product_tag","embeddable":true,"href":"https:\/\/www.ekos.symbioz-serveur2.com\/en\/wp-json\/wp\/v2\/product_tag?post=2468"}],"curies":[{"name":"wp","href":"https:\/\/api.w.org\/{rel}","templated":true}]}}