{"id":2109,"date":"2021-02-19T17:20:06","date_gmt":"2021-02-19T16:20:06","guid":{"rendered":"https:\/\/www.ekosystemes-vrac.com\/?post_type=product&#038;p=2109"},"modified":"2023-02-16T10:24:18","modified_gmt":"2023-02-16T09:24:18","slug":"etagere-iza","status":"publish","type":"product","link":"https:\/\/www.ekos.symbioz-serveur2.com\/en\/product\/etagere-iza\/","title":{"rendered":"IZA shelf"},"content":{"rendered":"<p>[row ]<\/p>\n<p>[col span=&#8221;2\/3&#8243; ]<\/p>\n<p>Complete <strong>Ecological<\/strong> solutions, the most <strong>innovative<\/strong> from the market, for retail sales. They combine flexibility and functionality without neglecting design. Sales increase of between 25 and 35%<\/p>\n<p>Merchandising solutions that boost your shelves and make them more attractive. <strong>Reduces costs by eliminating product packaging<\/strong> and reduces costs linked to shipping. Reduces \nthe energy resources needed to manufacture the packaging used.<br \/>\n[\/col]<br \/>\n[col span=&#8221;1\/3&#8243; ]<br \/>\n<img decoding=\"async\" loading=\"lazy\" class=\"alignnone wp-image-442\" src=\"https:\/\/www.ekosystemes-vrac.com\/wp-content\/uploads\/2020\/12\/100-recyclable-258x300.png\" alt=\"\" width=\"138\" height=\"160\" srcset=\"https:\/\/www.ekos.symbioz-serveur2.com\/wp-content\/uploads\/2020\/12\/100-recyclable-258x300.png 258w, https:\/\/www.ekos.symbioz-serveur2.com\/wp-content\/uploads\/2020\/12\/100-recyclable-510x592.png 510w, https:\/\/www.ekos.symbioz-serveur2.com\/wp-content\/uploads\/2020\/12\/100-recyclable-882x1024.png 882w, https:\/\/www.ekos.symbioz-serveur2.com\/wp-content\/uploads\/2020\/12\/100-recyclable-768x892.png 768w, https:\/\/www.ekos.symbioz-serveur2.com\/wp-content\/uploads\/2020\/12\/100-recyclable-1323x1536.png 1323w, https:\/\/www.ekos.symbioz-serveur2.com\/wp-content\/uploads\/2020\/12\/100-recyclable-600x697.png 600w, https:\/\/www.ekos.symbioz-serveur2.com\/wp-content\/uploads\/2020\/12\/100-recyclable.png 1354w\" sizes=\"(max-width: 138px) 100vw, 138px\" \/><img decoding=\"async\" loading=\"lazy\" class=\"alignnone wp-image-445\" src=\"https:\/\/www.ekosystemes-vrac.com\/wp-content\/uploads\/2020\/12\/BPA-FREE-300x300.png\" alt=\"\" width=\"160\" height=\"160\" srcset=\"https:\/\/www.ekos.symbioz-serveur2.com\/wp-content\/uploads\/2020\/12\/BPA-FREE-300x300.png 300w, https:\/\/www.ekos.symbioz-serveur2.com\/wp-content\/uploads\/2020\/12\/BPA-FREE-100x100.png 100w, https:\/\/www.ekos.symbioz-serveur2.com\/wp-content\/uploads\/2020\/12\/BPA-FREE-510x511.png 510w, https:\/\/www.ekos.symbioz-serveur2.com\/wp-content\/uploads\/2020\/12\/BPA-FREE-1022x1024.png 1022w, https:\/\/www.ekos.symbioz-serveur2.com\/wp-content\/uploads\/2020\/12\/BPA-FREE-150x150.png 150w, https:\/\/www.ekos.symbioz-serveur2.com\/wp-content\/uploads\/2020\/12\/BPA-FREE-768x769.png 768w, https:\/\/www.ekos.symbioz-serveur2.com\/wp-content\/uploads\/2020\/12\/BPA-FREE-600x601.png 600w, https:\/\/www.ekos.symbioz-serveur2.com\/wp-content\/uploads\/2020\/12\/BPA-FREE.png 1354w\" sizes=\"(max-width: 160px) 100vw, 160px\" \/><\/p>\n<p>[\/col]<\/p>\n<p>[\/row]<br \/>\n\b<\/p>","protected":false},"excerpt":{"rendered":"<p>L&#8217;\u00e9tag\u00e8re IZA permet une mise en place facile et rapide. Elle dispose de plusieurs configurations d&#8217;installation offrant la mise en place de distributeurs \u00e0 poign\u00e9e, de distributeurs \u00e0 moulin et de bacs \u00e0 pelle. Elle se diff\u00e9rencie des autres par l&#8217;originalit\u00e9 de l&#8217;utilisation de palette avec simple ou double face.<br \/>\n<b>Size:<\/b>\u00a0566 x 800 x 1474 mm<\/p>\n<div>\n<table style=\"width: 100px;\" border=\"0\">\n<tbody>\n<tr>\n<td>\n<p style=\"text-align: center;\"><img decoding=\"async\" loading=\"lazy\" class=\"aligncenter wp-image-3150\" style=\"border: solid 1px black;\" src=\"https:\/\/www.ekosystemes-vrac.com\/wp-content\/uploads\/2021\/02\/sapin.jpg\" alt=\"\" width=\"75\" height=\"75\" srcset=\"https:\/\/www.ekos.symbioz-serveur2.com\/wp-content\/uploads\/2021\/02\/sapin.jpg 200w, https:\/\/www.ekos.symbioz-serveur2.com\/wp-content\/uploads\/2021\/02\/sapin-100x100.jpg 100w, https:\/\/www.ekos.symbioz-serveur2.com\/wp-content\/uploads\/2021\/02\/sapin-150x150.jpg 150w, https:\/\/www.ekos.symbioz-serveur2.com\/wp-content\/uploads\/2021\/02\/sapin-12x12.jpg 12w\" sizes=\"(max-width: 75px) 100vw, 75px\" \/>Sapin<\/p>\n<\/td>\n<\/tr>\n<\/tbody>\n<\/table>\n<\/div>\n<p>D\u00e9lai de livraison : Actuellement 4 semaines minimum<strong><br \/>\nAu dessus de 10 \u00e9tag\u00e8res IZA command\u00e9es, vous disposez de 15% de remises sur l&#8217;ensemble de ces \u00e9tag\u00e8res IZA.<\/strong><\/p>","protected":false},"featured_media":2117,"comment_status":"open","ping_status":"closed","template":"","meta":[],"product_cat":[42],"product_tag":[50],"yoast_head":"<!-- This site is optimized with the Yoast SEO plugin v20.1 - https:\/\/yoast.com\/wordpress\/plugins\/seo\/ -->\n<title>Etag\u00e8re IZA - EkoSystemes VRAC<\/title>\n<meta name=\"robots\" content=\"noindex, follow, max-snippet:-1, max-image-preview:large, max-video-preview:-1\" \/>\n<meta property=\"og:locale\" content=\"en_GB\" \/>\n<meta property=\"og:type\" content=\"article\" \/>\n<meta property=\"og:title\" content=\"Etag\u00e8re IZA - EkoSystemes VRAC\" \/>\n<meta property=\"og:description\" content=\"L&#039;\u00e9tag\u00e8re IZA permet une mise en place facile et rapide. Elle dispose de plusieurs configurations d&#039;installation offrant la mise en place de distributeurs \u00e0 poign\u00e9e, de distributeurs \u00e0 moulin et de bacs \u00e0 pelle. Elle se diff\u00e9rencie des autres par l&#039;originalit\u00e9 de l&#039;utilisation de palette avec simple ou double face. Dimension :\u00a0566 x 800 x 1474 mm      Sapin      D\u00e9lai de livraison : Actuellement 4 semaines minimum Au dessus de 10 \u00e9tag\u00e8res IZA command\u00e9es, vous disposez de 15% de remises sur l&#039;ensemble de ces \u00e9tag\u00e8res IZA.\" \/>\n<meta property=\"og:url\" content=\"https:\/\/www.ekos.symbioz-serveur2.com\/en\/product\/etagere-iza\/\" \/>\n<meta property=\"og:site_name\" content=\"EkoSystemes VRAC\" \/>\n<meta property=\"article:publisher\" content=\"https:\/\/www.facebook.com\/Eko-Syst%c3%a8mes-Vrac-101967825348325\" \/>\n<meta property=\"article:modified_time\" content=\"2023-02-16T09:24:18+00:00\" \/>\n<meta property=\"og:image\" content=\"https:\/\/www.ekos.symbioz-serveur2.com\/wp-content\/uploads\/2021\/02\/iza-simple-pack1-scaled.jpg\" \/>\n\t<meta property=\"og:image:width\" content=\"2560\" \/>\n\t<meta property=\"og:image:height\" content=\"1440\" \/>\n\t<meta property=\"og:image:type\" content=\"image\/jpeg\" \/>\n<meta name=\"twitter:card\" content=\"summary_large_image\" \/>\n<script type=\"application\/ld+json\" class=\"yoast-schema-graph\">{\"@context\":\"https:\/\/schema.org\",\"@graph\":[{\"@type\":\"WebPage\",\"@id\":\"https:\/\/www.ekos.symbioz-serveur2.com\/produit\/etagere-iza\/\",\"url\":\"https:\/\/www.ekos.symbioz-serveur2.com\/produit\/etagere-iza\/\",\"name\":\"Etag\u00e8re IZA - EkoSystemes VRAC\",\"isPartOf\":{\"@id\":\"https:\/\/www.ekos.symbioz-serveur2.com\/#website\"},\"datePublished\":\"2021-02-19T16:20:06+00:00\",\"dateModified\":\"2023-02-16T09:24:18+00:00\",\"breadcrumb\":{\"@id\":\"https:\/\/www.ekos.symbioz-serveur2.com\/produit\/etagere-iza\/#breadcrumb\"},\"inLanguage\":\"en-GB\",\"potentialAction\":[{\"@type\":\"ReadAction\",\"target\":[\"https:\/\/www.ekos.symbioz-serveur2.com\/produit\/etagere-iza\/\"]}]},{\"@type\":\"BreadcrumbList\",\"@id\":\"https:\/\/www.ekos.symbioz-serveur2.com\/produit\/etagere-iza\/#breadcrumb\",\"itemListElement\":[{\"@type\":\"ListItem\",\"position\":1,\"name\":\"Accueil\",\"item\":\"https:\/\/www.ekos.symbioz-serveur2.com\/\"},{\"@type\":\"ListItem\",\"position\":2,\"name\":\"Boutique\",\"item\":\"https:\/\/www.ekos.symbioz-serveur2.com\/boutique-vrac\/\"},{\"@type\":\"ListItem\",\"position\":3,\"name\":\"Etag\u00e8re IZA\"}]},{\"@type\":\"WebSite\",\"@id\":\"https:\/\/www.ekos.symbioz-serveur2.com\/#website\",\"url\":\"https:\/\/www.ekos.symbioz-serveur2.com\/\",\"name\":\"EkoSystemes VRAC\",\"description\":\"\",\"potentialAction\":[{\"@type\":\"SearchAction\",\"target\":{\"@type\":\"EntryPoint\",\"urlTemplate\":\"https:\/\/www.ekos.symbioz-serveur2.com\/?s={search_term_string}\"},\"query-input\":\"required name=search_term_string\"}],\"inLanguage\":\"en-GB\"}]}<\/script>\n<!-- \/ Yoast SEO plugin. -->","yoast_head_json":{"title":"Etag\u00e8re IZA - EkoSystemes VRAC","robots":{"index":"noindex","follow":"follow","max-snippet":"max-snippet:-1","max-image-preview":"max-image-preview:large","max-video-preview":"max-video-preview:-1"},"og_locale":"en_GB","og_type":"article","og_title":"Etag\u00e8re IZA - EkoSystemes VRAC","og_description":"L'\u00e9tag\u00e8re IZA permet une mise en place facile et rapide. Elle dispose de plusieurs configurations d'installation offrant la mise en place de distributeurs \u00e0 poign\u00e9e, de distributeurs \u00e0 moulin et de bacs \u00e0 pelle. Elle se diff\u00e9rencie des autres par l'originalit\u00e9 de l'utilisation de palette avec simple ou double face. Dimension :\u00a0566 x 800 x 1474 mm      Sapin      D\u00e9lai de livraison : Actuellement 4 semaines minimum Au dessus de 10 \u00e9tag\u00e8res IZA command\u00e9es, vous disposez de 15% de remises sur l'ensemble de ces \u00e9tag\u00e8res IZA.","og_url":"https:\/\/www.ekos.symbioz-serveur2.com\/en\/product\/etagere-iza\/","og_site_name":"EkoSystemes VRAC","article_publisher":"https:\/\/www.facebook.com\/Eko-Syst%c3%a8mes-Vrac-101967825348325","article_modified_time":"2023-02-16T09:24:18+00:00","og_image":[{"width":2560,"height":1440,"url":"https:\/\/www.ekos.symbioz-serveur2.com\/wp-content\/uploads\/2021\/02\/iza-simple-pack1-scaled.jpg","type":"image\/jpeg"}],"twitter_card":"summary_large_image","schema":{"@context":"https:\/\/schema.org","@graph":[{"@type":"WebPage","@id":"https:\/\/www.ekos.symbioz-serveur2.com\/produit\/etagere-iza\/","url":"https:\/\/www.ekos.symbioz-serveur2.com\/produit\/etagere-iza\/","name":"Etag\u00e8re IZA - EkoSystemes VRAC","isPartOf":{"@id":"https:\/\/www.ekos.symbioz-serveur2.com\/#website"},"datePublished":"2021-02-19T16:20:06+00:00","dateModified":"2023-02-16T09:24:18+00:00","breadcrumb":{"@id":"https:\/\/www.ekos.symbioz-serveur2.com\/produit\/etagere-iza\/#breadcrumb"},"inLanguage":"en-GB","potentialAction":[{"@type":"ReadAction","target":["https:\/\/www.ekos.symbioz-serveur2.com\/produit\/etagere-iza\/"]}]},{"@type":"BreadcrumbList","@id":"https:\/\/www.ekos.symbioz-serveur2.com\/produit\/etagere-iza\/#breadcrumb","itemListElement":[{"@type":"ListItem","position":1,"name":"Accueil","item":"https:\/\/www.ekos.symbioz-serveur2.com\/"},{"@type":"ListItem","position":2,"name":"Boutique","item":"https:\/\/www.ekos.symbioz-serveur2.com\/boutique-vrac\/"},{"@type":"ListItem","position":3,"name":"Etag\u00e8re IZA"}]},{"@type":"WebSite","@id":"https:\/\/www.ekos.symbioz-serveur2.com\/#website","url":"https:\/\/www.ekos.symbioz-serveur2.com\/","name":"EkoSystemes VRAC","description":"","potentialAction":[{"@type":"SearchAction","target":{"@type":"EntryPoint","urlTemplate":"https:\/\/www.ekos.symbioz-serveur2.com\/?s={search_term_string}"},"query-input":"required name=search_term_string"}],"inLanguage":"en-GB"}]}},"_links":{"self":[{"href":"https:\/\/www.ekos.symbioz-serveur2.com\/en\/wp-json\/wp\/v2\/product\/2109"}],"collection":[{"href":"https:\/\/www.ekos.symbioz-serveur2.com\/en\/wp-json\/wp\/v2\/product"}],"about":[{"href":"https:\/\/www.ekos.symbioz-serveur2.com\/en\/wp-json\/wp\/v2\/types\/product"}],"replies":[{"embeddable":true,"href":"https:\/\/www.ekos.symbioz-serveur2.com\/en\/wp-json\/wp\/v2\/comments?post=2109"}],"version-history":[{"count":4,"href":"https:\/\/www.ekos.symbioz-serveur2.com\/en\/wp-json\/wp\/v2\/product\/2109\/revisions"}],"predecessor-version":[{"id":3169,"href":"https:\/\/www.ekos.symbioz-serveur2.com\/en\/wp-json\/wp\/v2\/product\/2109\/revisions\/3169"}],"wp:featuredmedia":[{"embeddable":true,"href":"https:\/\/www.ekos.symbioz-serveur2.com\/en\/wp-json\/wp\/v2\/media\/2117"}],"wp:attachment":[{"href":"https:\/\/www.ekos.symbioz-serveur2.com\/en\/wp-json\/wp\/v2\/media?parent=2109"}],"wp:term":[{"taxonomy":"product_cat","embeddable":true,"href":"https:\/\/www.ekos.symbioz-serveur2.com\/en\/wp-json\/wp\/v2\/product_cat?post=2109"},{"taxonomy":"product_tag","embeddable":true,"href":"https:\/\/www.ekos.symbioz-serveur2.com\/en\/wp-json\/wp\/v2\/product_tag?post=2109"}],"curies":[{"name":"wp","href":"https:\/\/api.w.org\/{rel}","templated":true}]}}