{"id":178,"date":"2020-10-15T11:01:06","date_gmt":"2020-10-15T09:01:06","guid":{"rendered":"https:\/\/www.ekosystemes-vrac.com\/?post_type=product&#038;p=178"},"modified":"2023-02-16T10:27:47","modified_gmt":"2023-02-16T09:27:47","slug":"barre-de-charge-pour-distributeur-poignee-niveau-1","status":"publish","type":"product","link":"https:\/\/www.ekos.symbioz-serveur2.com\/en\/product\/barre-de-charge-pour-distributeur-poignee-niveau-1\/","title":{"rendered":"Load bar for handle dispenser - Level 1"},"content":{"rendered":"<p>Cette barre de charge est pr\u00e9vu pour s&#8217;adapter sur les sabots des mod\u00e8les de distributeur \u00e0 poign\u00e9e. Elle est t\u00e9lescopique afin d&#8217;ajuster l&#8217;assemblage sur les montants. Les fixations ont 4 accroches, permettent des charges lourde et dispose d&#8217;un syst\u00e8me anti-d\u00e9crochement.<\/p>","protected":false},"excerpt":{"rendered":"<p>Cette barre de charge est pr\u00e9vu pour s&#8217;adapter sur les sabots des mod\u00e8les de distributeur \u00e0 poign\u00e9e. Elle est t\u00e9lescopique afin d&#8217;ajuster l&#8217;assemblage sur les montants. Les fixations ont 4 accroches, permettent des charges lourde et dispose d&#8217;un syst\u00e8me anti-d\u00e9crochement.<\/p>\n<div data-elementor-type=\"section\" data-elementor-id=\"1418\" class=\"elementor elementor-1418\">\n<div class=\"elementor-section-wrap\">\n<section class=\"elementor-section elementor-top-section elementor-element elementor-element-63d597eb elementor-section-boxed elementor-section-height-default elementor-section-height-default\" data-id=\"63d597eb\" data-element_type=\"section\">\n<div class=\"elementor-container elementor-column-gap-default\">\n<div class=\"elementor-row\">\n<div class=\"elementor-column elementor-col-50 elementor-top-column elementor-element elementor-element-2c6b9fc8\" data-id=\"2c6b9fc8\" data-element_type=\"column\">\n<div class=\"elementor-column-wrap elementor-element-populated\">\n<div class=\"elementor-widget-wrap\">\n<div class=\"elementor-element elementor-element-279af822 elementor-widget elementor-widget-heading\" data-id=\"279af822\" data-element_type=\"widget\" data-widget_type=\"heading.default\">\n<div class=\"elementor-widget-container\">\n<h2 class=\"elementor-heading-title elementor-size-default\">Also available in 3 layers<\/h2>\n<\/p><\/div>\n<\/p><\/div>\n<\/p><\/div>\n<\/p><\/div>\n<\/p><\/div>\n<div class=\"elementor-column elementor-col-50 elementor-top-column elementor-element elementor-element-d038ddc\" data-id=\"d038ddc\" data-element_type=\"column\">\n<div class=\"elementor-column-wrap elementor-element-populated\">\n<div class=\"elementor-widget-wrap\">\n<div class=\"elementor-element elementor-element-4f0fc0ef elementor-widget elementor-widget-button\" data-id=\"4f0fc0ef\" data-element_type=\"widget\" data-widget_type=\"button.default\">\n<div class=\"elementor-widget-container\">\n<div class=\"elementor-button-wrapper\">\n\t\t\t<a href=\"\/en\/contact\/\" class=\"elementor-button-link elementor-button elementor-size-sm\" role=\"button\"><br \/>\n\t\t\t\t\t\t<span class=\"elementor-button-content-wrapper\"><br \/>\n\t\t\t\t\t\t<span class=\"elementor-button-text\">Contact us<\/span><br \/>\n\t\t<\/span><br \/>\n\t\t\t\t\t<\/a>\n\t\t<\/div>\n<\/p><\/div>\n<\/p><\/div>\n<\/p><\/div>\n<\/p><\/div>\n<\/p><\/div>\n<\/p><\/div>\n<\/p><\/div>\n<\/section><\/div>\n<\/p><\/div>\n<div class=\"elementor-element elementor-element-75c00eeb elementor-widget elementor-widget-heading\" data-id=\"75c00eeb\" data-element_type=\"widget\" data-widget_type=\"heading.default\">\n<div class=\"elementor-widget-container\">\n<h3 class=\"elementor-heading-title elementor-size-default\">Technical specifications :<\/h3>\n<\/div>\n<\/div>\n<ul style=\"margin-left: 20px;\">\n<li><strong>Weight<\/strong> 2,95 kg<\/li>\n<li><strong>Bar dimensions (Width \/ Depth \/ Height):<\/strong> 1000 x 25 x 50 mm<\/li>\n<li><strong>Dimensions<\/strong> : 1000 x 65 x 50 mm<\/li>\n<li><strong>Pitch for hooks:<\/strong> 50 et 25 mm<\/li>\n<li><strong>Color:<\/strong> Noir RAL9005<\/li>\n<\/ul>","protected":false},"featured_media":2578,"comment_status":"open","ping_status":"closed","template":"","meta":[],"product_cat":[37],"product_tag":[50],"yoast_head":"<!-- This site is optimized with the Yoast SEO plugin v20.1 - https:\/\/yoast.com\/wordpress\/plugins\/seo\/ -->\n<title>Barre de charge pour distributeur poign\u00e9e - Niveau 1 - EkoSystemes VRAC<\/title>\n<meta name=\"robots\" content=\"noindex, follow, max-snippet:-1, max-image-preview:large, max-video-preview:-1\" \/>\n<meta property=\"og:locale\" content=\"en_GB\" \/>\n<meta property=\"og:type\" content=\"article\" \/>\n<meta property=\"og:title\" content=\"Barre de charge pour distributeur poign\u00e9e - Niveau 1 - EkoSystemes VRAC\" \/>\n<meta property=\"og:description\" content=\"Cette barre de charge est pr\u00e9vu pour s&#039;adapter sur les sabots des mod\u00e8les de distributeur \u00e0 poign\u00e9e. Elle est t\u00e9lescopique afin d&#039;ajuster l&#039;assemblage sur les montants. Les fixations ont 4 accroches, permettent des charges lourde et dispose d&#039;un syst\u00e8me anti-d\u00e9crochement.     Caract\u00e9ristiques techniques :     Poids : 2,95 kg  Dimensions barre\u00a0 (Largeur \/ Profondeur \/ Hauteur) : 1000 x 25 x 50 mm  Dimensions : 1000 x 65 x 50 mm  Pas pour les accroches : 50 et 25 mm  Couleur : Noir RAL9005\" \/>\n<meta property=\"og:url\" content=\"https:\/\/www.ekos.symbioz-serveur2.com\/en\/product\/barre-de-charge-pour-distributeur-poignee-niveau-1\/\" \/>\n<meta property=\"og:site_name\" content=\"EkoSystemes VRAC\" \/>\n<meta property=\"article:publisher\" content=\"https:\/\/www.facebook.com\/Eko-Syst%c3%a8mes-Vrac-101967825348325\" \/>\n<meta property=\"article:modified_time\" content=\"2023-02-16T09:27:47+00:00\" \/>\n<meta property=\"og:image\" content=\"https:\/\/www.ekos.symbioz-serveur2.com\/wp-content\/uploads\/2020\/10\/ENSEMBLE-BARRE-DE-CHARGE.png\" \/>\n\t<meta property=\"og:image:width\" content=\"600\" \/>\n\t<meta property=\"og:image:height\" content=\"600\" \/>\n\t<meta property=\"og:image:type\" content=\"image\/png\" \/>\n<meta name=\"twitter:card\" content=\"summary_large_image\" \/>\n<meta name=\"twitter:label1\" content=\"Est. reading time\" \/>\n\t<meta name=\"twitter:data1\" content=\"1 minute\" \/>\n<script type=\"application\/ld+json\" class=\"yoast-schema-graph\">{\"@context\":\"https:\/\/schema.org\",\"@graph\":[{\"@type\":\"WebPage\",\"@id\":\"https:\/\/www.ekos.symbioz-serveur2.com\/produit\/barre-de-charge-pour-distributeur-poignee-niveau-1\/\",\"url\":\"https:\/\/www.ekos.symbioz-serveur2.com\/produit\/barre-de-charge-pour-distributeur-poignee-niveau-1\/\",\"name\":\"Barre de charge pour distributeur poign\u00e9e - Niveau 1 - EkoSystemes VRAC\",\"isPartOf\":{\"@id\":\"https:\/\/www.ekos.symbioz-serveur2.com\/#website\"},\"datePublished\":\"2020-10-15T09:01:06+00:00\",\"dateModified\":\"2023-02-16T09:27:47+00:00\",\"breadcrumb\":{\"@id\":\"https:\/\/www.ekos.symbioz-serveur2.com\/produit\/barre-de-charge-pour-distributeur-poignee-niveau-1\/#breadcrumb\"},\"inLanguage\":\"en-GB\",\"potentialAction\":[{\"@type\":\"ReadAction\",\"target\":[\"https:\/\/www.ekos.symbioz-serveur2.com\/produit\/barre-de-charge-pour-distributeur-poignee-niveau-1\/\"]}]},{\"@type\":\"BreadcrumbList\",\"@id\":\"https:\/\/www.ekos.symbioz-serveur2.com\/produit\/barre-de-charge-pour-distributeur-poignee-niveau-1\/#breadcrumb\",\"itemListElement\":[{\"@type\":\"ListItem\",\"position\":1,\"name\":\"Accueil\",\"item\":\"https:\/\/www.ekos.symbioz-serveur2.com\/\"},{\"@type\":\"ListItem\",\"position\":2,\"name\":\"Boutique\",\"item\":\"https:\/\/www.ekos.symbioz-serveur2.com\/boutique-vrac\/\"},{\"@type\":\"ListItem\",\"position\":3,\"name\":\"Barre de charge pour distributeur poign\u00e9e &#8211; Niveau 1\"}]},{\"@type\":\"WebSite\",\"@id\":\"https:\/\/www.ekos.symbioz-serveur2.com\/#website\",\"url\":\"https:\/\/www.ekos.symbioz-serveur2.com\/\",\"name\":\"EkoSystemes VRAC\",\"description\":\"\",\"potentialAction\":[{\"@type\":\"SearchAction\",\"target\":{\"@type\":\"EntryPoint\",\"urlTemplate\":\"https:\/\/www.ekos.symbioz-serveur2.com\/?s={search_term_string}\"},\"query-input\":\"required name=search_term_string\"}],\"inLanguage\":\"en-GB\"}]}<\/script>\n<!-- \/ Yoast SEO plugin. -->","yoast_head_json":{"title":"Barre de charge pour distributeur poign\u00e9e - Niveau 1 - EkoSystemes VRAC","robots":{"index":"noindex","follow":"follow","max-snippet":"max-snippet:-1","max-image-preview":"max-image-preview:large","max-video-preview":"max-video-preview:-1"},"og_locale":"en_GB","og_type":"article","og_title":"Barre de charge pour distributeur poign\u00e9e - Niveau 1 - EkoSystemes VRAC","og_description":"Cette barre de charge est pr\u00e9vu pour s'adapter sur les sabots des mod\u00e8les de distributeur \u00e0 poign\u00e9e. Elle est t\u00e9lescopique afin d'ajuster l'assemblage sur les montants. Les fixations ont 4 accroches, permettent des charges lourde et dispose d'un syst\u00e8me anti-d\u00e9crochement.     Caract\u00e9ristiques techniques :     Poids : 2,95 kg  Dimensions barre\u00a0 (Largeur \/ Profondeur \/ Hauteur) : 1000 x 25 x 50 mm  Dimensions : 1000 x 65 x 50 mm  Pas pour les accroches : 50 et 25 mm  Couleur : Noir RAL9005","og_url":"https:\/\/www.ekos.symbioz-serveur2.com\/en\/product\/barre-de-charge-pour-distributeur-poignee-niveau-1\/","og_site_name":"EkoSystemes VRAC","article_publisher":"https:\/\/www.facebook.com\/Eko-Syst%c3%a8mes-Vrac-101967825348325","article_modified_time":"2023-02-16T09:27:47+00:00","og_image":[{"width":600,"height":600,"url":"https:\/\/www.ekos.symbioz-serveur2.com\/wp-content\/uploads\/2020\/10\/ENSEMBLE-BARRE-DE-CHARGE.png","type":"image\/png"}],"twitter_card":"summary_large_image","twitter_misc":{"Est. reading time":"1 minute"},"schema":{"@context":"https:\/\/schema.org","@graph":[{"@type":"WebPage","@id":"https:\/\/www.ekos.symbioz-serveur2.com\/produit\/barre-de-charge-pour-distributeur-poignee-niveau-1\/","url":"https:\/\/www.ekos.symbioz-serveur2.com\/produit\/barre-de-charge-pour-distributeur-poignee-niveau-1\/","name":"Barre de charge pour distributeur poign\u00e9e - Niveau 1 - EkoSystemes VRAC","isPartOf":{"@id":"https:\/\/www.ekos.symbioz-serveur2.com\/#website"},"datePublished":"2020-10-15T09:01:06+00:00","dateModified":"2023-02-16T09:27:47+00:00","breadcrumb":{"@id":"https:\/\/www.ekos.symbioz-serveur2.com\/produit\/barre-de-charge-pour-distributeur-poignee-niveau-1\/#breadcrumb"},"inLanguage":"en-GB","potentialAction":[{"@type":"ReadAction","target":["https:\/\/www.ekos.symbioz-serveur2.com\/produit\/barre-de-charge-pour-distributeur-poignee-niveau-1\/"]}]},{"@type":"BreadcrumbList","@id":"https:\/\/www.ekos.symbioz-serveur2.com\/produit\/barre-de-charge-pour-distributeur-poignee-niveau-1\/#breadcrumb","itemListElement":[{"@type":"ListItem","position":1,"name":"Accueil","item":"https:\/\/www.ekos.symbioz-serveur2.com\/"},{"@type":"ListItem","position":2,"name":"Boutique","item":"https:\/\/www.ekos.symbioz-serveur2.com\/boutique-vrac\/"},{"@type":"ListItem","position":3,"name":"Barre de charge pour distributeur poign\u00e9e &#8211; Niveau 1"}]},{"@type":"WebSite","@id":"https:\/\/www.ekos.symbioz-serveur2.com\/#website","url":"https:\/\/www.ekos.symbioz-serveur2.com\/","name":"EkoSystemes VRAC","description":"","potentialAction":[{"@type":"SearchAction","target":{"@type":"EntryPoint","urlTemplate":"https:\/\/www.ekos.symbioz-serveur2.com\/?s={search_term_string}"},"query-input":"required name=search_term_string"}],"inLanguage":"en-GB"}]}},"_links":{"self":[{"href":"https:\/\/www.ekos.symbioz-serveur2.com\/en\/wp-json\/wp\/v2\/product\/178"}],"collection":[{"href":"https:\/\/www.ekos.symbioz-serveur2.com\/en\/wp-json\/wp\/v2\/product"}],"about":[{"href":"https:\/\/www.ekos.symbioz-serveur2.com\/en\/wp-json\/wp\/v2\/types\/product"}],"replies":[{"embeddable":true,"href":"https:\/\/www.ekos.symbioz-serveur2.com\/en\/wp-json\/wp\/v2\/comments?post=178"}],"version-history":[{"count":2,"href":"https:\/\/www.ekos.symbioz-serveur2.com\/en\/wp-json\/wp\/v2\/product\/178\/revisions"}],"predecessor-version":[{"id":2522,"href":"https:\/\/www.ekos.symbioz-serveur2.com\/en\/wp-json\/wp\/v2\/product\/178\/revisions\/2522"}],"wp:featuredmedia":[{"embeddable":true,"href":"https:\/\/www.ekos.symbioz-serveur2.com\/en\/wp-json\/wp\/v2\/media\/2578"}],"wp:attachment":[{"href":"https:\/\/www.ekos.symbioz-serveur2.com\/en\/wp-json\/wp\/v2\/media?parent=178"}],"wp:term":[{"taxonomy":"product_cat","embeddable":true,"href":"https:\/\/www.ekos.symbioz-serveur2.com\/en\/wp-json\/wp\/v2\/product_cat?post=178"},{"taxonomy":"product_tag","embeddable":true,"href":"https:\/\/www.ekos.symbioz-serveur2.com\/en\/wp-json\/wp\/v2\/product_tag?post=178"}],"curies":[{"name":"wp","href":"https:\/\/api.w.org\/{rel}","templated":true}]}}