{"id":1525,"date":"2021-02-10T15:55:44","date_gmt":"2021-02-10T14:55:44","guid":{"rendered":"https:\/\/www.ekosystemes-vrac.com\/?post_type=product&#038;p=1525"},"modified":"2023-02-16T10:24:50","modified_gmt":"2023-02-16T09:24:50","slug":"cordon-telescopique-pour-pince-et-pelle","status":"publish","type":"product","link":"https:\/\/www.ekos.symbioz-serveur2.com\/en\/product\/cordon-telescopique-pour-pince-et-pelle\/","title":{"rendered":"Telescopic cord for clamp and shovel"},"content":{"rendered":"<p>[row ]<\/p>\n<p>[col span=&#8221;2\/3&#8243; ]<\/p>\n<p>Complete <strong>Ecological<\/strong> solutions, the most <strong>innovative<\/strong> from the market, for retail sales. They combine flexibility and functionality without neglecting design. Sales increase of between 25 and 35%<\/p>\n<p>Merchandising solutions that boost your shelves and make them more attractive. <strong>Reduces costs by eliminating product packaging<\/strong> and reduces costs linked to shipping. Reduces \nthe energy resources needed to manufacture the packaging used.<br \/>\n[\/col]<br \/>\n[col span=&#8221;1\/3&#8243; ]<br \/>\n<img decoding=\"async\" loading=\"lazy\" class=\"alignnone wp-image-442\" src=\"https:\/\/www.ekosystemes-vrac.com\/wp-content\/uploads\/2020\/12\/100-recyclable-258x300.png\" alt=\"\" width=\"138\" height=\"160\" srcset=\"https:\/\/www.ekos.symbioz-serveur2.com\/wp-content\/uploads\/2020\/12\/100-recyclable-258x300.png 258w, https:\/\/www.ekos.symbioz-serveur2.com\/wp-content\/uploads\/2020\/12\/100-recyclable-510x592.png 510w, https:\/\/www.ekos.symbioz-serveur2.com\/wp-content\/uploads\/2020\/12\/100-recyclable-882x1024.png 882w, https:\/\/www.ekos.symbioz-serveur2.com\/wp-content\/uploads\/2020\/12\/100-recyclable-768x892.png 768w, https:\/\/www.ekos.symbioz-serveur2.com\/wp-content\/uploads\/2020\/12\/100-recyclable-1323x1536.png 1323w, https:\/\/www.ekos.symbioz-serveur2.com\/wp-content\/uploads\/2020\/12\/100-recyclable-600x697.png 600w, https:\/\/www.ekos.symbioz-serveur2.com\/wp-content\/uploads\/2020\/12\/100-recyclable.png 1354w\" sizes=\"(max-width: 138px) 100vw, 138px\" \/><img decoding=\"async\" loading=\"lazy\" class=\"alignnone wp-image-445\" src=\"https:\/\/www.ekosystemes-vrac.com\/wp-content\/uploads\/2020\/12\/BPA-FREE-300x300.png\" alt=\"\" width=\"160\" height=\"160\" srcset=\"https:\/\/www.ekos.symbioz-serveur2.com\/wp-content\/uploads\/2020\/12\/BPA-FREE-300x300.png 300w, https:\/\/www.ekos.symbioz-serveur2.com\/wp-content\/uploads\/2020\/12\/BPA-FREE-100x100.png 100w, https:\/\/www.ekos.symbioz-serveur2.com\/wp-content\/uploads\/2020\/12\/BPA-FREE-510x511.png 510w, https:\/\/www.ekos.symbioz-serveur2.com\/wp-content\/uploads\/2020\/12\/BPA-FREE-1022x1024.png 1022w, https:\/\/www.ekos.symbioz-serveur2.com\/wp-content\/uploads\/2020\/12\/BPA-FREE-150x150.png 150w, https:\/\/www.ekos.symbioz-serveur2.com\/wp-content\/uploads\/2020\/12\/BPA-FREE-768x769.png 768w, https:\/\/www.ekos.symbioz-serveur2.com\/wp-content\/uploads\/2020\/12\/BPA-FREE-600x601.png 600w, https:\/\/www.ekos.symbioz-serveur2.com\/wp-content\/uploads\/2020\/12\/BPA-FREE.png 1354w\" sizes=\"(max-width: 160px) 100vw, 160px\" \/><\/p>\n<p>[\/col]<\/p>\n<p>[\/row]<\/p>","protected":false},"excerpt":{"rendered":"<p>Cord for clamp and shovel<br \/>\nThe essentials for optimized hygiene.<br \/>\nFor a configuration with separator, provide 2 shovel supports and 2 shovels.<\/p>\n<div class=\"elementor-element elementor-element-a74877e elementor-widget elementor-widget-heading\" data-id=\"a74877e\" data-element_type=\"widget\" data-widget_type=\"heading.default\">\n<div class=\"elementor-widget-container\">\n<h3 class=\"elementor-heading-title elementor-size-default\">Technical specifications :<\/h3>\n<\/div>\n<\/div>\n<ul style=\"margin-left: 20px;\">\n<li><strong>Weight<\/strong> XX kg<\/li>\n<li><b>Pour pelle et pince<\/b><\/li>\n<li><strong>Color:<\/strong> Transparent<\/li>\n<\/ul>","protected":false},"featured_media":1511,"comment_status":"open","ping_status":"closed","template":"","meta":[],"product_cat":[40,39],"product_tag":[],"yoast_head":"<!-- This site is optimized with the Yoast SEO plugin v20.1 - https:\/\/yoast.com\/wordpress\/plugins\/seo\/ -->\n<title>Cordon t\u00e9lescopique pour pince et pelle - EkoSystemes VRAC<\/title>\n<meta name=\"robots\" content=\"noindex, follow, max-snippet:-1, max-image-preview:large, max-video-preview:-1\" \/>\n<meta property=\"og:locale\" content=\"en_GB\" \/>\n<meta property=\"og:type\" content=\"article\" \/>\n<meta property=\"og:title\" content=\"Cordon t\u00e9lescopique pour pince et pelle - EkoSystemes VRAC\" \/>\n<meta property=\"og:description\" content=\"Cordon pour pince et pelle. Les indispensables pour une hygi\u00e8ne optimis\u00e9e. Pour une configuration avec SEPARATEUR, pr\u00e9voir 2 supports pelle et 2 pelles.   Caract\u00e9ristiques techniques :     Poids : XX kg  Pour pelle et pince  Couleur : Transparent\" \/>\n<meta property=\"og:url\" content=\"https:\/\/www.ekos.symbioz-serveur2.com\/en\/product\/cordon-telescopique-pour-pince-et-pelle\/\" \/>\n<meta property=\"og:site_name\" content=\"EkoSystemes VRAC\" \/>\n<meta property=\"article:publisher\" content=\"https:\/\/www.facebook.com\/Eko-Syst%c3%a8mes-Vrac-101967825348325\" \/>\n<meta property=\"article:modified_time\" content=\"2023-02-16T09:24:50+00:00\" \/>\n<meta property=\"og:image\" content=\"https:\/\/www.ekos.symbioz-serveur2.com\/wp-content\/uploads\/2020\/10\/cordon.png\" \/>\n\t<meta property=\"og:image:width\" content=\"1000\" \/>\n\t<meta property=\"og:image:height\" content=\"1000\" \/>\n\t<meta property=\"og:image:type\" content=\"image\/png\" \/>\n<meta name=\"twitter:card\" content=\"summary_large_image\" \/>\n<meta name=\"twitter:label1\" content=\"Est. reading time\" \/>\n\t<meta name=\"twitter:data1\" content=\"1 minute\" \/>\n<script type=\"application\/ld+json\" class=\"yoast-schema-graph\">{\"@context\":\"https:\/\/schema.org\",\"@graph\":[{\"@type\":\"WebPage\",\"@id\":\"https:\/\/www.ekos.symbioz-serveur2.com\/produit\/cordon-telescopique-pour-pince-et-pelle\/\",\"url\":\"https:\/\/www.ekos.symbioz-serveur2.com\/produit\/cordon-telescopique-pour-pince-et-pelle\/\",\"name\":\"Cordon t\u00e9lescopique pour pince et pelle - EkoSystemes VRAC\",\"isPartOf\":{\"@id\":\"https:\/\/www.ekos.symbioz-serveur2.com\/#website\"},\"datePublished\":\"2021-02-10T14:55:44+00:00\",\"dateModified\":\"2023-02-16T09:24:50+00:00\",\"breadcrumb\":{\"@id\":\"https:\/\/www.ekos.symbioz-serveur2.com\/produit\/cordon-telescopique-pour-pince-et-pelle\/#breadcrumb\"},\"inLanguage\":\"en-GB\",\"potentialAction\":[{\"@type\":\"ReadAction\",\"target\":[\"https:\/\/www.ekos.symbioz-serveur2.com\/produit\/cordon-telescopique-pour-pince-et-pelle\/\"]}]},{\"@type\":\"BreadcrumbList\",\"@id\":\"https:\/\/www.ekos.symbioz-serveur2.com\/produit\/cordon-telescopique-pour-pince-et-pelle\/#breadcrumb\",\"itemListElement\":[{\"@type\":\"ListItem\",\"position\":1,\"name\":\"Accueil\",\"item\":\"https:\/\/www.ekos.symbioz-serveur2.com\/\"},{\"@type\":\"ListItem\",\"position\":2,\"name\":\"Boutique\",\"item\":\"https:\/\/www.ekos.symbioz-serveur2.com\/boutique-vrac\/\"},{\"@type\":\"ListItem\",\"position\":3,\"name\":\"Cordon t\u00e9lescopique pour pince et pelle\"}]},{\"@type\":\"WebSite\",\"@id\":\"https:\/\/www.ekos.symbioz-serveur2.com\/#website\",\"url\":\"https:\/\/www.ekos.symbioz-serveur2.com\/\",\"name\":\"EkoSystemes VRAC\",\"description\":\"\",\"potentialAction\":[{\"@type\":\"SearchAction\",\"target\":{\"@type\":\"EntryPoint\",\"urlTemplate\":\"https:\/\/www.ekos.symbioz-serveur2.com\/?s={search_term_string}\"},\"query-input\":\"required name=search_term_string\"}],\"inLanguage\":\"en-GB\"}]}<\/script>\n<!-- \/ Yoast SEO plugin. -->","yoast_head_json":{"title":"Cordon t\u00e9lescopique pour pince et pelle - EkoSystemes VRAC","robots":{"index":"noindex","follow":"follow","max-snippet":"max-snippet:-1","max-image-preview":"max-image-preview:large","max-video-preview":"max-video-preview:-1"},"og_locale":"en_GB","og_type":"article","og_title":"Cordon t\u00e9lescopique pour pince et pelle - EkoSystemes VRAC","og_description":"Cordon pour pince et pelle. Les indispensables pour une hygi\u00e8ne optimis\u00e9e. Pour une configuration avec SEPARATEUR, pr\u00e9voir 2 supports pelle et 2 pelles.   Caract\u00e9ristiques techniques :     Poids : XX kg  Pour pelle et pince  Couleur : Transparent","og_url":"https:\/\/www.ekos.symbioz-serveur2.com\/en\/product\/cordon-telescopique-pour-pince-et-pelle\/","og_site_name":"EkoSystemes VRAC","article_publisher":"https:\/\/www.facebook.com\/Eko-Syst%c3%a8mes-Vrac-101967825348325","article_modified_time":"2023-02-16T09:24:50+00:00","og_image":[{"width":1000,"height":1000,"url":"https:\/\/www.ekos.symbioz-serveur2.com\/wp-content\/uploads\/2020\/10\/cordon.png","type":"image\/png"}],"twitter_card":"summary_large_image","twitter_misc":{"Est. reading time":"1 minute"},"schema":{"@context":"https:\/\/schema.org","@graph":[{"@type":"WebPage","@id":"https:\/\/www.ekos.symbioz-serveur2.com\/produit\/cordon-telescopique-pour-pince-et-pelle\/","url":"https:\/\/www.ekos.symbioz-serveur2.com\/produit\/cordon-telescopique-pour-pince-et-pelle\/","name":"Cordon t\u00e9lescopique pour pince et pelle - EkoSystemes VRAC","isPartOf":{"@id":"https:\/\/www.ekos.symbioz-serveur2.com\/#website"},"datePublished":"2021-02-10T14:55:44+00:00","dateModified":"2023-02-16T09:24:50+00:00","breadcrumb":{"@id":"https:\/\/www.ekos.symbioz-serveur2.com\/produit\/cordon-telescopique-pour-pince-et-pelle\/#breadcrumb"},"inLanguage":"en-GB","potentialAction":[{"@type":"ReadAction","target":["https:\/\/www.ekos.symbioz-serveur2.com\/produit\/cordon-telescopique-pour-pince-et-pelle\/"]}]},{"@type":"BreadcrumbList","@id":"https:\/\/www.ekos.symbioz-serveur2.com\/produit\/cordon-telescopique-pour-pince-et-pelle\/#breadcrumb","itemListElement":[{"@type":"ListItem","position":1,"name":"Accueil","item":"https:\/\/www.ekos.symbioz-serveur2.com\/"},{"@type":"ListItem","position":2,"name":"Boutique","item":"https:\/\/www.ekos.symbioz-serveur2.com\/boutique-vrac\/"},{"@type":"ListItem","position":3,"name":"Cordon t\u00e9lescopique pour pince et pelle"}]},{"@type":"WebSite","@id":"https:\/\/www.ekos.symbioz-serveur2.com\/#website","url":"https:\/\/www.ekos.symbioz-serveur2.com\/","name":"EkoSystemes VRAC","description":"","potentialAction":[{"@type":"SearchAction","target":{"@type":"EntryPoint","urlTemplate":"https:\/\/www.ekos.symbioz-serveur2.com\/?s={search_term_string}"},"query-input":"required name=search_term_string"}],"inLanguage":"en-GB"}]}},"_links":{"self":[{"href":"https:\/\/www.ekos.symbioz-serveur2.com\/en\/wp-json\/wp\/v2\/product\/1525"}],"collection":[{"href":"https:\/\/www.ekos.symbioz-serveur2.com\/en\/wp-json\/wp\/v2\/product"}],"about":[{"href":"https:\/\/www.ekos.symbioz-serveur2.com\/en\/wp-json\/wp\/v2\/types\/product"}],"replies":[{"embeddable":true,"href":"https:\/\/www.ekos.symbioz-serveur2.com\/en\/wp-json\/wp\/v2\/comments?post=1525"}],"version-history":[{"count":1,"href":"https:\/\/www.ekos.symbioz-serveur2.com\/en\/wp-json\/wp\/v2\/product\/1525\/revisions"}],"predecessor-version":[{"id":2754,"href":"https:\/\/www.ekos.symbioz-serveur2.com\/en\/wp-json\/wp\/v2\/product\/1525\/revisions\/2754"}],"wp:featuredmedia":[{"embeddable":true,"href":"https:\/\/www.ekos.symbioz-serveur2.com\/en\/wp-json\/wp\/v2\/media\/1511"}],"wp:attachment":[{"href":"https:\/\/www.ekos.symbioz-serveur2.com\/en\/wp-json\/wp\/v2\/media?parent=1525"}],"wp:term":[{"taxonomy":"product_cat","embeddable":true,"href":"https:\/\/www.ekos.symbioz-serveur2.com\/en\/wp-json\/wp\/v2\/product_cat?post=1525"},{"taxonomy":"product_tag","embeddable":true,"href":"https:\/\/www.ekos.symbioz-serveur2.com\/en\/wp-json\/wp\/v2\/product_tag?post=1525"}],"curies":[{"name":"wp","href":"https:\/\/api.w.org\/{rel}","templated":true}]}}