{"id":1390,"date":"2021-02-09T17:21:38","date_gmt":"2021-02-09T16:21:38","guid":{"rendered":"https:\/\/www.ekosystemes-vrac.com\/?post_type=product&#038;p=1390"},"modified":"2023-02-16T11:39:26","modified_gmt":"2023-02-16T10:39:26","slug":"sabot-metal-pour-distributeur-poignee","status":"publish","type":"product","link":"https:\/\/www.ekos.symbioz-serveur2.com\/en\/product\/sabot-metal-pour-distributeur-poignee\/","title":{"rendered":"Sabot metal pour distributeur poign\u00e9e 7 et 11L"},"content":{"rendered":"<p>Safety key<\/p>\n<p>Color: Black Ral 9005<\/p>","protected":false},"excerpt":{"rendered":"<p>For 7L and 11L narrow handle dispensers<\/p>\n<p>Attaches to 1 load bar 50x25mm<\/p>","protected":false},"featured_media":1391,"comment_status":"open","ping_status":"closed","template":"","meta":[],"product_cat":[37],"product_tag":[],"yoast_head":"<!-- This site is optimized with the Yoast SEO plugin v20.1 - https:\/\/yoast.com\/wordpress\/plugins\/seo\/ -->\n<title>Sabot metal pour distributeur poign\u00e9e 7 et 11L - EkoSystemes VRAC<\/title>\n<meta name=\"robots\" content=\"noindex, follow, max-snippet:-1, max-image-preview:large, max-video-preview:-1\" \/>\n<meta property=\"og:locale\" content=\"en_GB\" \/>\n<meta property=\"og:type\" content=\"article\" \/>\n<meta property=\"og:title\" content=\"Sabot metal pour distributeur poign\u00e9e 7 et 11L - EkoSystemes VRAC\" \/>\n<meta property=\"og:description\" content=\"Pour Distributeur poign\u00e9e \u00e9troite 7 et 11 L  Se fixe sur 1 barre de charge en 50x25mm\" \/>\n<meta property=\"og:url\" content=\"https:\/\/www.ekos.symbioz-serveur2.com\/en\/product\/sabot-metal-pour-distributeur-poignee\/\" \/>\n<meta property=\"og:site_name\" content=\"EkoSystemes VRAC\" \/>\n<meta property=\"article:publisher\" content=\"https:\/\/www.facebook.com\/Eko-Syst%c3%a8mes-Vrac-101967825348325\" \/>\n<meta property=\"article:modified_time\" content=\"2023-02-16T10:39:26+00:00\" \/>\n<meta property=\"og:image\" content=\"https:\/\/www.ekos.symbioz-serveur2.com\/wp-content\/uploads\/2021\/02\/distributeur-poignet-etroit-7-rangee-7-sabot-accroche.png\" \/>\n\t<meta property=\"og:image:width\" content=\"1000\" \/>\n\t<meta property=\"og:image:height\" content=\"1000\" \/>\n\t<meta property=\"og:image:type\" content=\"image\/png\" \/>\n<meta name=\"twitter:card\" content=\"summary_large_image\" \/>\n<script type=\"application\/ld+json\" class=\"yoast-schema-graph\">{\"@context\":\"https:\/\/schema.org\",\"@graph\":[{\"@type\":\"WebPage\",\"@id\":\"https:\/\/www.ekos.symbioz-serveur2.com\/produit\/sabot-metal-pour-distributeur-poignee\/\",\"url\":\"https:\/\/www.ekos.symbioz-serveur2.com\/produit\/sabot-metal-pour-distributeur-poignee\/\",\"name\":\"Sabot metal pour distributeur poign\u00e9e 7 et 11L - EkoSystemes VRAC\",\"isPartOf\":{\"@id\":\"https:\/\/www.ekos.symbioz-serveur2.com\/#website\"},\"datePublished\":\"2021-02-09T16:21:38+00:00\",\"dateModified\":\"2023-02-16T10:39:26+00:00\",\"breadcrumb\":{\"@id\":\"https:\/\/www.ekos.symbioz-serveur2.com\/produit\/sabot-metal-pour-distributeur-poignee\/#breadcrumb\"},\"inLanguage\":\"en-GB\",\"potentialAction\":[{\"@type\":\"ReadAction\",\"target\":[\"https:\/\/www.ekos.symbioz-serveur2.com\/produit\/sabot-metal-pour-distributeur-poignee\/\"]}]},{\"@type\":\"BreadcrumbList\",\"@id\":\"https:\/\/www.ekos.symbioz-serveur2.com\/produit\/sabot-metal-pour-distributeur-poignee\/#breadcrumb\",\"itemListElement\":[{\"@type\":\"ListItem\",\"position\":1,\"name\":\"Accueil\",\"item\":\"https:\/\/www.ekos.symbioz-serveur2.com\/\"},{\"@type\":\"ListItem\",\"position\":2,\"name\":\"Boutique\",\"item\":\"https:\/\/www.ekos.symbioz-serveur2.com\/boutique-vrac\/\"},{\"@type\":\"ListItem\",\"position\":3,\"name\":\"Sabot metal pour distributeur poign\u00e9e 7 et 11L\"}]},{\"@type\":\"WebSite\",\"@id\":\"https:\/\/www.ekos.symbioz-serveur2.com\/#website\",\"url\":\"https:\/\/www.ekos.symbioz-serveur2.com\/\",\"name\":\"EkoSystemes VRAC\",\"description\":\"\",\"potentialAction\":[{\"@type\":\"SearchAction\",\"target\":{\"@type\":\"EntryPoint\",\"urlTemplate\":\"https:\/\/www.ekos.symbioz-serveur2.com\/?s={search_term_string}\"},\"query-input\":\"required name=search_term_string\"}],\"inLanguage\":\"en-GB\"}]}<\/script>\n<!-- \/ Yoast SEO plugin. -->","yoast_head_json":{"title":"Sabot metal pour distributeur poign\u00e9e 7 et 11L - EkoSystemes VRAC","robots":{"index":"noindex","follow":"follow","max-snippet":"max-snippet:-1","max-image-preview":"max-image-preview:large","max-video-preview":"max-video-preview:-1"},"og_locale":"en_GB","og_type":"article","og_title":"Sabot metal pour distributeur poign\u00e9e 7 et 11L - EkoSystemes VRAC","og_description":"Pour Distributeur poign\u00e9e \u00e9troite 7 et 11 L  Se fixe sur 1 barre de charge en 50x25mm","og_url":"https:\/\/www.ekos.symbioz-serveur2.com\/en\/product\/sabot-metal-pour-distributeur-poignee\/","og_site_name":"EkoSystemes VRAC","article_publisher":"https:\/\/www.facebook.com\/Eko-Syst%c3%a8mes-Vrac-101967825348325","article_modified_time":"2023-02-16T10:39:26+00:00","og_image":[{"width":1000,"height":1000,"url":"https:\/\/www.ekos.symbioz-serveur2.com\/wp-content\/uploads\/2021\/02\/distributeur-poignet-etroit-7-rangee-7-sabot-accroche.png","type":"image\/png"}],"twitter_card":"summary_large_image","schema":{"@context":"https:\/\/schema.org","@graph":[{"@type":"WebPage","@id":"https:\/\/www.ekos.symbioz-serveur2.com\/produit\/sabot-metal-pour-distributeur-poignee\/","url":"https:\/\/www.ekos.symbioz-serveur2.com\/produit\/sabot-metal-pour-distributeur-poignee\/","name":"Sabot metal pour distributeur poign\u00e9e 7 et 11L - EkoSystemes VRAC","isPartOf":{"@id":"https:\/\/www.ekos.symbioz-serveur2.com\/#website"},"datePublished":"2021-02-09T16:21:38+00:00","dateModified":"2023-02-16T10:39:26+00:00","breadcrumb":{"@id":"https:\/\/www.ekos.symbioz-serveur2.com\/produit\/sabot-metal-pour-distributeur-poignee\/#breadcrumb"},"inLanguage":"en-GB","potentialAction":[{"@type":"ReadAction","target":["https:\/\/www.ekos.symbioz-serveur2.com\/produit\/sabot-metal-pour-distributeur-poignee\/"]}]},{"@type":"BreadcrumbList","@id":"https:\/\/www.ekos.symbioz-serveur2.com\/produit\/sabot-metal-pour-distributeur-poignee\/#breadcrumb","itemListElement":[{"@type":"ListItem","position":1,"name":"Accueil","item":"https:\/\/www.ekos.symbioz-serveur2.com\/"},{"@type":"ListItem","position":2,"name":"Boutique","item":"https:\/\/www.ekos.symbioz-serveur2.com\/boutique-vrac\/"},{"@type":"ListItem","position":3,"name":"Sabot metal pour distributeur poign\u00e9e 7 et 11L"}]},{"@type":"WebSite","@id":"https:\/\/www.ekos.symbioz-serveur2.com\/#website","url":"https:\/\/www.ekos.symbioz-serveur2.com\/","name":"EkoSystemes VRAC","description":"","potentialAction":[{"@type":"SearchAction","target":{"@type":"EntryPoint","urlTemplate":"https:\/\/www.ekos.symbioz-serveur2.com\/?s={search_term_string}"},"query-input":"required name=search_term_string"}],"inLanguage":"en-GB"}]}},"_links":{"self":[{"href":"https:\/\/www.ekos.symbioz-serveur2.com\/en\/wp-json\/wp\/v2\/product\/1390"}],"collection":[{"href":"https:\/\/www.ekos.symbioz-serveur2.com\/en\/wp-json\/wp\/v2\/product"}],"about":[{"href":"https:\/\/www.ekos.symbioz-serveur2.com\/en\/wp-json\/wp\/v2\/types\/product"}],"replies":[{"embeddable":true,"href":"https:\/\/www.ekos.symbioz-serveur2.com\/en\/wp-json\/wp\/v2\/comments?post=1390"}],"version-history":[{"count":1,"href":"https:\/\/www.ekos.symbioz-serveur2.com\/en\/wp-json\/wp\/v2\/product\/1390\/revisions"}],"predecessor-version":[{"id":4189,"href":"https:\/\/www.ekos.symbioz-serveur2.com\/en\/wp-json\/wp\/v2\/product\/1390\/revisions\/4189"}],"wp:featuredmedia":[{"embeddable":true,"href":"https:\/\/www.ekos.symbioz-serveur2.com\/en\/wp-json\/wp\/v2\/media\/1391"}],"wp:attachment":[{"href":"https:\/\/www.ekos.symbioz-serveur2.com\/en\/wp-json\/wp\/v2\/media?parent=1390"}],"wp:term":[{"taxonomy":"product_cat","embeddable":true,"href":"https:\/\/www.ekos.symbioz-serveur2.com\/en\/wp-json\/wp\/v2\/product_cat?post=1390"},{"taxonomy":"product_tag","embeddable":true,"href":"https:\/\/www.ekos.symbioz-serveur2.com\/en\/wp-json\/wp\/v2\/product_tag?post=1390"}],"curies":[{"name":"wp","href":"https:\/\/api.w.org\/{rel}","templated":true}]}}