{"id":1316,"date":"2021-02-09T11:26:45","date_gmt":"2021-02-09T10:26:45","guid":{"rendered":"https:\/\/www.ekosystemes-vrac.com\/?page_id=1316"},"modified":"2023-02-03T17:22:57","modified_gmt":"2023-02-03T16:22:57","slug":"conditions-generales-de-vente","status":"publish","type":"page","link":"https:\/\/www.ekos.symbioz-serveur2.com\/en\/conditions-generales-de-vente\/","title":{"rendered":"Conditions G\u00e9n\u00e9rales de Vente"},"content":{"rendered":"<div data-elementor-type=\"wp-page\" data-elementor-id=\"1316\" class=\"elementor elementor-1316\">\n\t\t\t\t\t\t<div class=\"elementor-inner\">\n\t\t\t\t<div class=\"elementor-section-wrap\">\n\t\t\t\t\t\t\t\t\t<section class=\"elementor-section elementor-top-section elementor-element elementor-element-788d396 elementor-section-full_width elementor-section-height-min-height elementor-section-height-default elementor-section-items-middle\" data-id=\"788d396\" data-element_type=\"section\" data-settings=\"{&quot;background_background&quot;:&quot;classic&quot;}\">\n\t\t\t\t\t\t<div class=\"elementor-container elementor-column-gap-default\">\n\t\t\t\t\t\t\t<div class=\"elementor-row\">\n\t\t\t\t\t<div class=\"elementor-column elementor-col-100 elementor-top-column elementor-element elementor-element-62b7942\" data-id=\"62b7942\" data-element_type=\"column\">\n\t\t\t<div class=\"elementor-column-wrap elementor-element-populated\">\n\t\t\t\t\t\t\t<div class=\"elementor-widget-wrap\">\n\t\t\t\t\t\t<div class=\"elementor-element elementor-element-c69c8db elementor-widget elementor-widget-heading\" data-id=\"c69c8db\" data-element_type=\"widget\" data-widget_type=\"heading.default\">\n\t\t\t\t<div class=\"elementor-widget-container\">\n\t\t\t<h1 class=\"elementor-heading-title elementor-size-default\">Conditions G\u00e9n\u00e9rales de Vente<\/h1>\t\t<\/div>\n\t\t\t\t<\/div>\n\t\t\t\t\t\t<\/div>\n\t\t\t\t\t<\/div>\n\t\t<\/div>\n\t\t\t\t\t\t\t\t<\/div>\n\t\t\t\t\t<\/div>\n\t\t<\/section>\n\t\t\t\t<section class=\"elementor-section elementor-top-section elementor-element elementor-element-d02ba64 elementor-section-boxed elementor-section-height-default elementor-section-height-default\" data-id=\"d02ba64\" data-element_type=\"section\">\n\t\t\t\t\t\t<div class=\"elementor-container elementor-column-gap-default\">\n\t\t\t\t\t\t\t<div class=\"elementor-row\">\n\t\t\t\t\t<div class=\"elementor-column elementor-col-100 elementor-top-column elementor-element elementor-element-5a63e1a\" data-id=\"5a63e1a\" data-element_type=\"column\">\n\t\t\t<div class=\"elementor-column-wrap elementor-element-populated\">\n\t\t\t\t\t\t\t<div class=\"elementor-widget-wrap\">\n\t\t\t\t\t\t<div class=\"elementor-element elementor-element-5d60d1a elementor-widget elementor-widget-text-editor\" data-id=\"5d60d1a\" data-element_type=\"widget\" data-widget_type=\"text-editor.default\">\n\t\t\t\t<div class=\"elementor-widget-container\">\n\t\t\t\t\t\t\t\t<div class=\"elementor-text-editor elementor-clearfix\">\n\t\t\t\t<p><strong>1. Champ d\u2019application<\/strong><br>Les pr\u00e9sentes conditions g\u00e9n\u00e9rales de vente s\u2019appliquent \u00e0 toutes les ventes conclues par notre soci\u00e9t\u00e9 et concernant toutes ses marchandises et services.<\/p>\n<p><strong>2. Contrat de vente<\/strong><br>Toute commande, quelle qu\u2019en soit la forme, vaut acceptation des Conditions G\u00e9n\u00e9rales de Vente.<br>La modification par le client de la commande initiale entrainera une modification de la facturation en fonction du prix des marchandises ou services substitu\u00e9s.<\/p>\n<p><strong>3. Prix<\/strong><br>Sauf convention expresse, nos prix sont ceux en vigueur au jour de la livraison. Ils pourront \u00eatre modifi\u00e9s en fonction des conditions \u00e9conomiques \u00e0 cette date.<\/p>\n<p><strong>4. Paiement du prix<\/strong><br>La premi\u00e8re commande se paie au comptant \u00e0 la commande.<br>Un acompte correspondant \u00e0 40% du prix total est exig\u00e9 lors de la commande.<br>Le solde du prix est payable au comptant, au jour de la livraison ou \u00e0 l\u2019\u00e9ch\u00e9ance fix\u00e9e par la facture \u00e0 8% du montant de la facture.<br>Le non-respect de l\u2019\u00e9ch\u00e9ance fera courir de plein droit des p\u00e9nalit\u00e9s de retard d\u2019un montant \u00e9quivalent et sans qu\u2019il soit besoin de mise en demeure ainsi qu\u2019une indemnit\u00e9 forfaitaire de frais de recouvrement de 40\u20ac.<br>En cas de recouvrement judiciaire, le montant de la facture sera automatiquement major\u00e9 de 15% \u00e0 titre de clause p\u00e9nale pour couvrir le montant des frais judiciaires de recouvrement outre les int\u00e9r\u00eats l\u00e9gaux.<br>L\u2019acompte vers\u00e9 \u00e0 la commande restera acquis \u00e0 titre d\u2019indemnit\u00e9 en cas d\u2019annulation de commande, quelle qu\u2019en soit la raison.<\/p>\n<p><strong>5. Livraison \u2013 Transport<\/strong><br>Nos marchandises voyagent au risques et p\u00e9rils du destinataire, \u00e0 qui il incombe d\u2019exercer \u00e9ventuellement son recours contre les transporteurs.<br>A d\u00e9faut de contestation \u00e9crite par l\u2019acqu\u00e9reur dans un d\u00e9lai de 48 heures \u00e0 compter de la livraison, les marchandises d\u00e9livr\u00e9es seront r\u00e9put\u00e9es conformes, en quantit\u00e9 et qualit\u00e9, \u00e0 la commande.<br>Sauf stipulation figurant sur le bon de commande, les frais de port, pose et emballage sont toujours \u00e0 la charge du client.<\/p>\n<p><span style=\"font-weight: bolder;\">6. Retours et Remboursements<br><\/span>Retour accept\u00e9 dans les 8 jours suivant la date de r\u00e9ception dans son emballage d\u2019origine. La demande doit \u00eatre formul\u00e9e par mail.<br>Le transport du retour de marchandise est \u00e0 la charge du client.<br>Apr\u00e8s r\u00e9ception et contr\u00f4le de la marchandise, le remboursement ou l\u2019avoir sera effectu\u00e9.<\/p>\n<p><strong>7. D\u00e9lai de livraison<\/strong><br>Les d\u00e9lais mentionn\u00e9s sont indicatifs et peuvent \u00eatre modifi\u00e9s sans pr\u00e9avis.<br>Le d\u00e9passement des d\u00e9lais de livraison ne peut entra\u00eener une annulation de commande, ni donner lieu \u00e0 indemnit\u00e9.<\/p>\n<p><strong>8. R\u00e9serve de propri\u00e9t\u00e9<\/strong><br>Les marchandises restent notre propri\u00e9t\u00e9 jusqu\u2019\u00e0 paiement complet du prix de vente, lequel s\u2019entend prix factur\u00e9 en principal, frais et int\u00e9r\u00eats, et ce quelle que soit la date de livraison. Jusqu\u2019\u00e0 cette date, les marchandises seront consid\u00e9r\u00e9es comme consign\u00e9es et l\u2019acheteur supportera le risque des dommages que ces marchandises pourraient subir ou occasionner pour quelque cause que ce soit.<br>Dans le cas o\u00f9 notre soci\u00e9t\u00e9 serait appel\u00e9e \u00e0 faire jouer la pr\u00e9sente clause de r\u00e9serve de propri\u00e9t\u00e9, les sommes vers\u00e9es par le client demeureront acquises \u00e0 titre dommages-int\u00e9r\u00eats.<\/p>\n<p><strong>9. Devis plans mod\u00e8les<\/strong><br>Nos plans, mod\u00e8les, maquettes, dessins ou devis restent toujours notre propri\u00e9t\u00e9 exclusive, et ne peuvent \u00eatre ni copi\u00e9s ni divulgu\u00e9s, m\u00eame apr\u00e8s ex\u00e9cution d\u00e9finitive d\u2019une commande.<\/p>\n<p><strong>10. Caract\u00e9ristiques produits<\/strong><br>Nous nous r\u00e9servons le droit d\u2019effectuer sans pr\u00e9avis ni indemnit\u00e9s des modifications techniques par rapport aux produits pr\u00e9sent\u00e9s.<br>Tous les \u00e9l\u00e9ments photographiques ou croquis de nos catalogues, brochures et mailings sont pr\u00e9sent\u00e9s \u00e0 titre indicatif et non contractuel.<\/p>\n<p><strong>11. Responsabilit\u00e9<\/strong><br>L\u2019acheteur est r\u00e9put\u00e9 acqu\u00e9rir nos marchandises \u00e0 ses risques et p\u00e9rils, notre soci\u00e9t\u00e9 n\u2019\u00e9tant tenus d\u2019aucun vice affectant les dites marchandises, ni des cons\u00e9quences dommageables que tels vices pourraient entra\u00eener.<\/p>\n<p><strong>12. Litiges<\/strong><br>Toute contestation doit \u00eatre adress\u00e9e \u00e0 notre soci\u00e9t\u00e9 dans un d\u00e9lai maximum de 30 jours \u00e0 r\u00e9ception de facture par lettre recommand\u00e9e avec accus\u00e9 de r\u00e9ception.<br>Tous les litiges d\u00e9coulant des op\u00e9rations d\u2019achat, de vente de marchandises ou de services vis\u00e9es par les pr\u00e9sentes conditions g\u00e9n\u00e9rales de ventes seront soumis au tribunal de commerce de Lille M\u00e9tropole, ce qui est express\u00e9ment accept\u00e9 par l\u2019acqu\u00e9reur.<\/p>\n<p><strong>13. Politique de confidentialit\u00e9<\/strong><br>En vous inscrivant \u00e0 nos services et en effectuant vos achats sur le site Vitrines-protection.com, vous convenez et acceptez que JOALPE INTERNATIONAL FRANCE SAS puisse stocker, analyser et\/ou utiliser les donn\u00e9es personnelles soumises en conformit\u00e9 avec le R\u00e8glement G\u00e9n\u00e9ral sur la Protection des Donn\u00e9es (RGPD, r\u00e8glement de l\u2019Union Europ\u00e9enne) et notre politique de confidentialit\u00e9 que vous pouvez <a href=\"https:\/\/www.ekos.symbioz-serveur2.com\/en\/politique-de-confidentialite\/\">consulter ici<\/a>.<\/p>\n<p>A tout moment, vous b\u00e9n\u00e9ficiez d\u2019un droit d\u2019acc\u00e8s, de rectification, de portabilit\u00e9, d\u2019effacement de celles-ci ou une limitation du traitement. Pour ce faire, vous pouvez nous envoyer un email \u00e0 <a href=\"mailto:contact@ekosystemes-vrac.com\">contact@ekosystemes-vrac.com<\/a><\/p>\t\t\t\t\t<\/div>\n\t\t\t\t\t\t<\/div>\n\t\t\t\t<\/div>\n\t\t\t\t\t\t<\/div>\n\t\t\t\t\t<\/div>\n\t\t<\/div>\n\t\t\t\t\t\t\t\t<\/div>\n\t\t\t\t\t<\/div>\n\t\t<\/section>\n\t\t\t\t\t\t\t\t\t<\/div>\n\t\t\t<\/div>\n\t\t\t\t\t<\/div>","protected":false},"excerpt":{"rendered":"<p>1. Champ d\u2019applicationLes pr\u00e9sentes conditions g\u00e9n\u00e9rales de vente s\u2019appliquent \u00e0 toutes les ventes conclues par notre soci\u00e9t\u00e9 et concernant toutes ses marchandises et services. 2. Contrat de venteToute commande, quelle qu\u2019en soit la forme, vaut acceptation des Conditions G\u00e9n\u00e9rales de Vente.La modification par le client de la commande initiale entrainera une modification de la facturation [&hellip;]<\/p>","protected":false},"author":2,"featured_media":0,"parent":0,"menu_order":0,"comment_status":"closed","ping_status":"closed","template":"elementor_header_footer","meta":[],"yoast_head":"<!-- This site is optimized with the Yoast SEO plugin v20.1 - https:\/\/yoast.com\/wordpress\/plugins\/seo\/ -->\n<title>Conditions G\u00e9n\u00e9rales de Vente - EkoSystemes VRAC<\/title>\n<meta name=\"description\" content=\"Vous trouverez ici les conditions g\u00e9n\u00e9rales de vente relatives \u00e0 l&#039;activit\u00e9 d&#039;EkoSystemes VRAC\" \/>\n<meta name=\"robots\" content=\"noindex, follow, max-snippet:-1, max-image-preview:large, max-video-preview:-1\" \/>\n<meta property=\"og:locale\" content=\"en_GB\" \/>\n<meta property=\"og:type\" content=\"article\" \/>\n<meta property=\"og:title\" content=\"Conditions G\u00e9n\u00e9rales de Vente - EkoSystemes VRAC\" \/>\n<meta property=\"og:description\" content=\"Vous trouverez ici les conditions g\u00e9n\u00e9rales de vente relatives \u00e0 l&#039;activit\u00e9 d&#039;EkoSystemes VRAC\" \/>\n<meta property=\"og:url\" content=\"https:\/\/www.ekos.symbioz-serveur2.com\/en\/conditions-generales-de-vente\/\" \/>\n<meta property=\"og:site_name\" content=\"EkoSystemes VRAC\" \/>\n<meta property=\"article:publisher\" content=\"https:\/\/www.facebook.com\/Eko-Syst%c3%a8mes-Vrac-101967825348325\" \/>\n<meta property=\"article:modified_time\" content=\"2023-02-03T16:22:57+00:00\" \/>\n<meta property=\"og:image\" content=\"https:\/\/www.ekos.symbioz-serveur2.com\/wp-content\/uploads\/2021\/04\/eko-systemes.jpg\" \/>\n\t<meta property=\"og:image:width\" content=\"1600\" \/>\n\t<meta property=\"og:image:height\" content=\"592\" \/>\n\t<meta property=\"og:image:type\" content=\"image\/jpeg\" \/>\n<meta name=\"twitter:card\" content=\"summary_large_image\" \/>\n<meta name=\"twitter:label1\" content=\"Est. reading time\" \/>\n\t<meta name=\"twitter:data1\" content=\"4 minutes\" \/>\n<script type=\"application\/ld+json\" class=\"yoast-schema-graph\">{\"@context\":\"https:\/\/schema.org\",\"@graph\":[{\"@type\":\"WebPage\",\"@id\":\"https:\/\/www.ekos.symbioz-serveur2.com\/conditions-generales-de-vente\/\",\"url\":\"https:\/\/www.ekos.symbioz-serveur2.com\/conditions-generales-de-vente\/\",\"name\":\"Conditions G\u00e9n\u00e9rales de Vente - EkoSystemes VRAC\",\"isPartOf\":{\"@id\":\"https:\/\/www.ekos.symbioz-serveur2.com\/#website\"},\"datePublished\":\"2021-02-09T10:26:45+00:00\",\"dateModified\":\"2023-02-03T16:22:57+00:00\",\"description\":\"Vous trouverez ici les conditions g\u00e9n\u00e9rales de vente relatives \u00e0 l'activit\u00e9 d'EkoSystemes VRAC\",\"breadcrumb\":{\"@id\":\"https:\/\/www.ekos.symbioz-serveur2.com\/conditions-generales-de-vente\/#breadcrumb\"},\"inLanguage\":\"en-GB\",\"potentialAction\":[{\"@type\":\"ReadAction\",\"target\":[\"https:\/\/www.ekos.symbioz-serveur2.com\/conditions-generales-de-vente\/\"]}]},{\"@type\":\"BreadcrumbList\",\"@id\":\"https:\/\/www.ekos.symbioz-serveur2.com\/conditions-generales-de-vente\/#breadcrumb\",\"itemListElement\":[{\"@type\":\"ListItem\",\"position\":1,\"name\":\"Accueil\",\"item\":\"https:\/\/www.ekos.symbioz-serveur2.com\/\"},{\"@type\":\"ListItem\",\"position\":2,\"name\":\"Conditions G\u00e9n\u00e9rales de Vente\"}]},{\"@type\":\"WebSite\",\"@id\":\"https:\/\/www.ekos.symbioz-serveur2.com\/#website\",\"url\":\"https:\/\/www.ekos.symbioz-serveur2.com\/\",\"name\":\"EkoSystemes VRAC\",\"description\":\"\",\"potentialAction\":[{\"@type\":\"SearchAction\",\"target\":{\"@type\":\"EntryPoint\",\"urlTemplate\":\"https:\/\/www.ekos.symbioz-serveur2.com\/?s={search_term_string}\"},\"query-input\":\"required name=search_term_string\"}],\"inLanguage\":\"en-GB\"}]}<\/script>\n<!-- \/ Yoast SEO plugin. -->","yoast_head_json":{"title":"Conditions G\u00e9n\u00e9rales de Vente - EkoSystemes VRAC","description":"Vous trouverez ici les conditions g\u00e9n\u00e9rales de vente relatives \u00e0 l'activit\u00e9 d'EkoSystemes VRAC","robots":{"index":"noindex","follow":"follow","max-snippet":"max-snippet:-1","max-image-preview":"max-image-preview:large","max-video-preview":"max-video-preview:-1"},"og_locale":"en_GB","og_type":"article","og_title":"Conditions G\u00e9n\u00e9rales de Vente - EkoSystemes VRAC","og_description":"Vous trouverez ici les conditions g\u00e9n\u00e9rales de vente relatives \u00e0 l'activit\u00e9 d'EkoSystemes VRAC","og_url":"https:\/\/www.ekos.symbioz-serveur2.com\/en\/conditions-generales-de-vente\/","og_site_name":"EkoSystemes VRAC","article_publisher":"https:\/\/www.facebook.com\/Eko-Syst%c3%a8mes-Vrac-101967825348325","article_modified_time":"2023-02-03T16:22:57+00:00","og_image":[{"width":1600,"height":592,"url":"https:\/\/www.ekos.symbioz-serveur2.com\/wp-content\/uploads\/2021\/04\/eko-systemes.jpg","type":"image\/jpeg"}],"twitter_card":"summary_large_image","twitter_misc":{"Est. reading time":"4 minutes"},"schema":{"@context":"https:\/\/schema.org","@graph":[{"@type":"WebPage","@id":"https:\/\/www.ekos.symbioz-serveur2.com\/conditions-generales-de-vente\/","url":"https:\/\/www.ekos.symbioz-serveur2.com\/conditions-generales-de-vente\/","name":"Conditions G\u00e9n\u00e9rales de Vente - EkoSystemes VRAC","isPartOf":{"@id":"https:\/\/www.ekos.symbioz-serveur2.com\/#website"},"datePublished":"2021-02-09T10:26:45+00:00","dateModified":"2023-02-03T16:22:57+00:00","description":"Vous trouverez ici les conditions g\u00e9n\u00e9rales de vente relatives \u00e0 l'activit\u00e9 d'EkoSystemes VRAC","breadcrumb":{"@id":"https:\/\/www.ekos.symbioz-serveur2.com\/conditions-generales-de-vente\/#breadcrumb"},"inLanguage":"en-GB","potentialAction":[{"@type":"ReadAction","target":["https:\/\/www.ekos.symbioz-serveur2.com\/conditions-generales-de-vente\/"]}]},{"@type":"BreadcrumbList","@id":"https:\/\/www.ekos.symbioz-serveur2.com\/conditions-generales-de-vente\/#breadcrumb","itemListElement":[{"@type":"ListItem","position":1,"name":"Accueil","item":"https:\/\/www.ekos.symbioz-serveur2.com\/"},{"@type":"ListItem","position":2,"name":"Conditions G\u00e9n\u00e9rales de Vente"}]},{"@type":"WebSite","@id":"https:\/\/www.ekos.symbioz-serveur2.com\/#website","url":"https:\/\/www.ekos.symbioz-serveur2.com\/","name":"EkoSystemes VRAC","description":"","potentialAction":[{"@type":"SearchAction","target":{"@type":"EntryPoint","urlTemplate":"https:\/\/www.ekos.symbioz-serveur2.com\/?s={search_term_string}"},"query-input":"required name=search_term_string"}],"inLanguage":"en-GB"}]}},"_links":{"self":[{"href":"https:\/\/www.ekos.symbioz-serveur2.com\/en\/wp-json\/wp\/v2\/pages\/1316"}],"collection":[{"href":"https:\/\/www.ekos.symbioz-serveur2.com\/en\/wp-json\/wp\/v2\/pages"}],"about":[{"href":"https:\/\/www.ekos.symbioz-serveur2.com\/en\/wp-json\/wp\/v2\/types\/page"}],"author":[{"embeddable":true,"href":"https:\/\/www.ekos.symbioz-serveur2.com\/en\/wp-json\/wp\/v2\/users\/2"}],"replies":[{"embeddable":true,"href":"https:\/\/www.ekos.symbioz-serveur2.com\/en\/wp-json\/wp\/v2\/comments?post=1316"}],"version-history":[{"count":14,"href":"https:\/\/www.ekos.symbioz-serveur2.com\/en\/wp-json\/wp\/v2\/pages\/1316\/revisions"}],"predecessor-version":[{"id":3199,"href":"https:\/\/www.ekos.symbioz-serveur2.com\/en\/wp-json\/wp\/v2\/pages\/1316\/revisions\/3199"}],"wp:attachment":[{"href":"https:\/\/www.ekos.symbioz-serveur2.com\/en\/wp-json\/wp\/v2\/media?parent=1316"}],"curies":[{"name":"wp","href":"https:\/\/api.w.org\/{rel}","templated":true}]}}